{"id":7,"date":"2024-10-17T14:48:00","date_gmt":"2024-10-17T12:48:00","guid":{"rendered":"https:\/\/majestik-prod.com\/agence-39\/?page_id=7"},"modified":"2024-10-30T06:02:30","modified_gmt":"2024-10-30T05:02:30","slug":"accueil","status":"publish","type":"page","link":"https:\/\/majestik-prod.com\/agence-39\/","title":{"rendered":"Accueil"},"content":{"rendered":"\t\t<div data-elementor-type=\"wp-post\" data-elementor-id=\"7\" class=\"elementor elementor-7\" data-elementor-post-type=\"page\">\n\t\t\t\t<div class=\"elementor-element elementor-element-a76c73a e-con-full e-flex e-con e-parent\" data-id=\"a76c73a\" data-element_type=\"container\">\n\t\t\t\t<div class=\"elementor-element elementor-element-a3adc55 elementor-widget elementor-widget-slider_revolution\" data-id=\"a3adc55\" data-element_type=\"widget\" data-widget_type=\"slider_revolution.default\">\n\t\t\t\t<div class=\"elementor-widget-container\">\n\t\t\t\n\t\t<div class=\"wp-block-themepunch-revslider\">\n\t\t\t\t<p class=\"rs-p-wp-fix\"><\/p>\n\t\t\t\t<sr7-module data-alias=\"accueil\" data-id=\"1\" id=\"SR7_1_1\" class=\"rs-ov-hidden\" data-version=\"6.7.20\">\n\t\t\t\t\t<sr7-adjuster><\/sr7-adjuster>\n\t\t\t\t\t<sr7-content>\n\t\t\t\t\t\t<sr7-slide id=\"SR7_1_1-3\" data-key=\"3\">\n\t\t\t\t\t\t\t<sr7-bg id=\"SR7_1_1-3-1\" class=\"sr7-layer\"><noscript><img decoding=\"async\" src=\"https:\/\/majestik-prod.com\/agence-39\/wp-content\/uploads\/2024\/10\/7-1536x1024-1.jpg\" alt=\"\" title=\"7-1536&#215;1024\"><\/noscript><\/sr7-bg>\n\t\t\t\t\t\t\t<sr7-txt id=\"SR7_1_1-3-0\" class=\"sr7-layer\">L'AGENCE DIGITALE <br>LUXEMBOURGEOISE<span style=\"color:#008AFC;\"> 360<\/span><\/sr7-txt>\n\t\t\t\t\t\t<\/sr7-slide>\n\t\t\t\t\t\t<sr7-slide id=\"SR7_1_1-4\" data-key=\"4\">\n\t\t\t\t\t\t\t<sr7-bg id=\"SR7_1_1-4-1\" class=\"sr7-layer\"><noscript><img decoding=\"async\" src=\"https:\/\/majestik-prod.com\/agence-39\/wp-content\/uploads\/2024\/10\/2.jpg\" alt=\"\" title=\"2\"><\/noscript><\/sr7-bg>\n\t\t\t\t\t\t\t<sr7-txt id=\"SR7_1_1-4-0\" class=\"sr7-layer\">QUI <span style=\"color:#008AFC;\">LEVEL UP<\/span> <br>VOTRE BUSINESS<\/sr7-txt>\n\t\t\t\t\t\t<\/sr7-slide>\n\t\t\t\t\t\t<sr7-slide id=\"SR7_1_1-5\" data-key=\"5\">\n\t\t\t\t\t\t\t<sr7-bg id=\"SR7_1_1-5-1\" class=\"sr7-layer\"><noscript><img decoding=\"async\" src=\"https:\/\/majestik-prod.com\/agence-39\/wp-content\/uploads\/2024\/10\/4.jpg\" alt=\"\" title=\"4\"><\/noscript><\/sr7-bg>\n\t\t\t\t\t\t\t<sr7-txt id=\"SR7_1_1-5-0\" class=\"sr7-layer\"><span style=\"color:#008AFC;\"> LE MARKETING<\/span> <br>\u00c7A SE CONSTRUIT...<\/sr7-txt>\n\t\t\t\t\t\t<\/sr7-slide>\n\t\t\t\t\t\t<sr7-slide id=\"SR7_1_1-2\" data-key=\"2\">\n\t\t\t\t\t\t<\/sr7-slide>\n\t\t\t\t\t<\/sr7-content>\n\t\t\t\t\t<image_lists style=\"display:none\">\n\t\t\t\t\t\t<img data-src=\"\/\/majestik-prod.com\/agence-39\/wp-content\/uploads\/2024\/10\/7-1536x1024-1.jpg\" data-libid=\"105\" data-lib=\"medialibrary\" title=\"7-1536&#215;1024\" width=\"0\" height=\"0\" data-dbsrc=\"Ly9tYWplc3Rpay1wcm9kLmNvbS9hZ2VuY2UtMzkvd3AtY29udGVudC91cGxvYWRzLzIwMjQvMTAvNy0xNTM2eDEwMjQtMS5qcGc=\"\/>\n\t\t\t\t\t\t<img data-src=\"\/\/majestik-prod.com\/agence-39\/wp-content\/uploads\/2024\/10\/2.jpg\" data-libid=\"112\" data-lib=\"medialibrary\" title=\"2\" width=\"0\" height=\"0\" data-dbsrc=\"Ly9tYWplc3Rpay1wcm9kLmNvbS9hZ2VuY2UtMzkvd3AtY29udGVudC91cGxvYWRzLzIwMjQvMTAvMi5qcGc=\"\/>\n\t\t\t\t\t\t<img data-src=\"\/\/majestik-prod.com\/agence-39\/wp-content\/uploads\/2024\/10\/4.jpg\" data-libid=\"113\" data-lib=\"medialibrary\" title=\"4\" width=\"0\" height=\"0\" data-dbsrc=\"Ly9tYWplc3Rpay1wcm9kLmNvbS9hZ2VuY2UtMzkvd3AtY29udGVudC91cGxvYWRzLzIwMjQvMTAvNC5qcGc=\"\/>\n\t\t\t\t\t<\/image_lists>\n\t\t\t\t<\/sr7-module>\n\t\t\t\t<script>\n\t\t\t\t\tSR7.PMH ??={}; SR7.PMH[\"SR7_1_1\"] = {cn:0,state:false,fn: function() { if (_tpt!==undefined && _tpt.prepareModuleHeight !== undefined) {  _tpt.prepareModuleHeight({id:\"SR7_1_1\",el:[700,700,768,960,720],type:'standard',shdw:'0',gh:[700,700,,,],gw:[1240,1240,1024,778,480],vpt:['100px'],size:{fullWidth:true, fullHeight:false},mh:'0',onh:0,onw:0,bg:{color:'{\"orig\":\"transparent\",\"type\":\"solid\",\"string\":\"transparent\"}'}});   SR7.PMH[\"SR7_1_1\"].state=true;} else if((SR7.PMH[\"SR7_1_1\"].cn++)<100)\tsetTimeout( SR7.PMH[\"SR7_1_1\"].fn,19);}};SR7.PMH[\"SR7_1_1\" ].fn();\n\t\t\t\t<\/script>\n<\/div>\n\n\t\t\t\t<\/div>\n\t\t\t\t<\/div>\n\t\t\t\t<\/div>\n\t\t<div class=\"elementor-element elementor-element-ec17658 e-con-full e-flex e-con e-parent\" data-id=\"ec17658\" data-element_type=\"container\" data-settings=\"{&quot;background_background&quot;:&quot;classic&quot;}\">\n\t\t\t\t<div class=\"elementor-element elementor-element-38e92b7 elementor-widget elementor-widget-html\" data-id=\"38e92b7\" data-element_type=\"widget\" data-widget_type=\"html.default\">\n\t\t\t\t<div class=\"elementor-widget-container\">\n\t\t\t<script>\r\nfunction Marquee(selector, speed) {\r\n  const parent = document.querySelector(selector);\r\n  const clone = parent.innerHTML;\r\n  let i = 0;\r\n  parent.innerHTML += clone;\r\n\r\n  setInterval(() => {\r\n    i += speed;\r\n    if (i >= parent.children[0].clientWidth) i = 0;\r\n    parent.children[0].style.marginLeft = `-${i}px`;\r\n  }, 0);\r\n}\r\n\r\nwindow.addEventListener('load', () => Marquee('.marquee', .5));\r\n<\/script>\t\t<\/div>\n\t\t\t\t<\/div>\n\t\t\t\t<div class=\"elementor-element elementor-element-133a90f elementor-widget__width-inherit marquee elementor-widget elementor-widget-heading\" data-id=\"133a90f\" data-element_type=\"widget\" data-widget_type=\"heading.default\">\n\t\t\t\t<div class=\"elementor-widget-container\">\n\t\t\t<h2 class=\"elementor-heading-title elementor-size-default\">graphic design <span class=\"bouton\">\u2022<\/span> logo &amp; branding <span class=\"bouton\">\u2022<\/span> web design <span class=\"bouton\">\u2022<\/span> ui\/ux design <span class=\"bouton\">\u2022<\/span> web design <span class=\"bouton\">\u2022<\/span> &nbsp;  \n<\/h2>\t\t<\/div>\n\t\t\t\t<\/div>\n\t\t\t\t<\/div>\n\t\t<div class=\"elementor-element elementor-element-fecb8b0 e-flex e-con-boxed e-con e-parent\" data-id=\"fecb8b0\" data-element_type=\"container\">\n\t\t\t\t\t<div class=\"e-con-inner\">\n\t\t\t\t<div class=\"elementor-element elementor-element-ff6e675 elementor-align-center elementor-widget elementor-widget-button\" data-id=\"ff6e675\" data-element_type=\"widget\" data-widget_type=\"button.default\">\n\t\t\t\t<div class=\"elementor-widget-container\">\n\t\t\t\t\t<div class=\"elementor-button-wrapper\">\n\t\t\t<a class=\"elementor-button elementor-button-link elementor-size-sm\" href=\"https:\/\/majestik-prod.com\/agence-39\/contact\/\">\n\t\t\t\t\t\t<span class=\"elementor-button-content-wrapper\">\n\t\t\t\t\t\t\t\t\t<span class=\"elementor-button-text\">Nous contacter<\/span>\n\t\t\t\t\t<\/span>\n\t\t\t\t\t<\/a>\n\t\t<\/div>\n\t\t\t\t<\/div>\n\t\t\t\t<\/div>\n\t\t\t\t\t<\/div>\n\t\t\t\t<\/div>\n\t\t<div class=\"elementor-element elementor-element-c8ec05a e-flex e-con-boxed e-con e-parent\" data-id=\"c8ec05a\" data-element_type=\"container\">\n\t\t\t\t\t<div class=\"e-con-inner\">\n\t\t<div class=\"elementor-element elementor-element-6e8f4ad e-con-full e-flex e-con e-child\" data-id=\"6e8f4ad\" data-element_type=\"container\">\n\t\t\t\t<div class=\"elementor-element elementor-element-cb4e783 elementor-position-top elementor-widget elementor-widget-image-box\" data-id=\"cb4e783\" data-element_type=\"widget\" data-widget_type=\"image-box.default\">\n\t\t\t\t<div class=\"elementor-widget-container\">\n\t\t\t<div class=\"elementor-image-box-wrapper\"><figure class=\"elementor-image-box-img\"><img loading=\"lazy\" decoding=\"async\" width=\"256\" height=\"256\" src=\"https:\/\/majestik-prod.com\/agence-39\/wp-content\/uploads\/2024\/10\/experience.png\" class=\"attachment-full size-full wp-image-514\" alt=\"\" srcset=\"https:\/\/majestik-prod.com\/agence-39\/wp-content\/uploads\/2024\/10\/experience.png 256w, https:\/\/majestik-prod.com\/agence-39\/wp-content\/uploads\/2024\/10\/experience-150x150.png 150w\" sizes=\"(max-width: 256px) 100vw, 256px\" \/><\/figure><div class=\"elementor-image-box-content\"><h3 class=\"elementor-image-box-title\">13 ans d'exp\u00e9rience<\/h3><p class=\"elementor-image-box-description\">Pas n\u00e9s de la derni\u00e8re pluie, Big House Marketing et toute son \u00e9quipe se sont forg\u00e9s une exp\u00e9rience et une expertise solide, l\u00e9gitime.<\/p><\/div><\/div>\t\t<\/div>\n\t\t\t\t<\/div>\n\t\t\t\t<\/div>\n\t\t<div class=\"elementor-element elementor-element-994a5a7 e-con-full e-flex e-con e-child\" data-id=\"994a5a7\" data-element_type=\"container\">\n\t\t\t\t<div class=\"elementor-element elementor-element-ef7eeb4 elementor-position-top elementor-widget elementor-widget-image-box\" data-id=\"ef7eeb4\" data-element_type=\"widget\" data-widget_type=\"image-box.default\">\n\t\t\t\t<div class=\"elementor-widget-container\">\n\t\t\t<div class=\"elementor-image-box-wrapper\"><figure class=\"elementor-image-box-img\"><img loading=\"lazy\" decoding=\"async\" width=\"256\" height=\"256\" src=\"https:\/\/majestik-prod.com\/agence-39\/wp-content\/uploads\/2024\/10\/made.png\" class=\"attachment-full size-full wp-image-515\" alt=\"\" srcset=\"https:\/\/majestik-prod.com\/agence-39\/wp-content\/uploads\/2024\/10\/made.png 256w, https:\/\/majestik-prod.com\/agence-39\/wp-content\/uploads\/2024\/10\/made-150x150.png 150w\" sizes=\"(max-width: 256px) 100vw, 256px\" \/><\/figure><div class=\"elementor-image-box-content\"><h3 class=\"elementor-image-box-title\">Made in Luxembourg<\/h3><p class=\"elementor-image-box-description\">Un savoir faire in\u00e9gal\u00e9, pr\u00e9cis et surtout respectueux. Pointilleux dans chaque d\u00e9tail, votre strat\u00e9gie digitale est taill\u00e9e au laser.<\/p><\/div><\/div>\t\t<\/div>\n\t\t\t\t<\/div>\n\t\t\t\t<\/div>\n\t\t<div class=\"elementor-element elementor-element-9a4b48d e-con-full e-flex e-con e-child\" data-id=\"9a4b48d\" data-element_type=\"container\">\n\t\t\t\t<div class=\"elementor-element elementor-element-27cecba elementor-position-top elementor-widget elementor-widget-image-box\" data-id=\"27cecba\" data-element_type=\"widget\" data-widget_type=\"image-box.default\">\n\t\t\t\t<div class=\"elementor-widget-container\">\n\t\t\t<div class=\"elementor-image-box-wrapper\"><figure class=\"elementor-image-box-img\"><img loading=\"lazy\" decoding=\"async\" width=\"256\" height=\"256\" src=\"https:\/\/majestik-prod.com\/agence-39\/wp-content\/uploads\/2024\/10\/service.png\" class=\"attachment-full size-full wp-image-516\" alt=\"\" srcset=\"https:\/\/majestik-prod.com\/agence-39\/wp-content\/uploads\/2024\/10\/service.png 256w, https:\/\/majestik-prod.com\/agence-39\/wp-content\/uploads\/2024\/10\/service-150x150.png 150w\" sizes=\"(max-width: 256px) 100vw, 256px\" \/><\/figure><div class=\"elementor-image-box-content\"><h3 class=\"elementor-image-box-title\">Des services sur mesure<\/h3><p class=\"elementor-image-box-description\">Nous adaptons nos services en fonction de vos besoins. Vous choisissez la ou les formules qui vous conviennent.<\/p><\/div><\/div>\t\t<\/div>\n\t\t\t\t<\/div>\n\t\t\t\t<\/div>\n\t\t<div class=\"elementor-element elementor-element-aef2df5 e-con-full e-flex e-con e-child\" data-id=\"aef2df5\" data-element_type=\"container\">\n\t\t\t\t<div class=\"elementor-element elementor-element-531a881 elementor-position-top elementor-widget elementor-widget-image-box\" data-id=\"531a881\" data-element_type=\"widget\" data-widget_type=\"image-box.default\">\n\t\t\t\t<div class=\"elementor-widget-container\">\n\t\t\t<div class=\"elementor-image-box-wrapper\"><figure class=\"elementor-image-box-img\"><img loading=\"lazy\" decoding=\"async\" width=\"256\" height=\"256\" src=\"https:\/\/majestik-prod.com\/agence-39\/wp-content\/uploads\/2024\/10\/equipe.png\" class=\"attachment-full size-full wp-image-517\" alt=\"\" srcset=\"https:\/\/majestik-prod.com\/agence-39\/wp-content\/uploads\/2024\/10\/equipe.png 256w, https:\/\/majestik-prod.com\/agence-39\/wp-content\/uploads\/2024\/10\/equipe-150x150.png 150w\" sizes=\"(max-width: 256px) 100vw, 256px\" \/><\/figure><div class=\"elementor-image-box-content\"><h3 class=\"elementor-image-box-title\">Une \u00e9quipe de 8 experts<\/h3><p class=\"elementor-image-box-description\">\"Data driven\" autrement dit, nous mettons l'accent sur l'analyse des donn\u00e9es et l'optimisation des campagnes.<\/p><\/div><\/div>\t\t<\/div>\n\t\t\t\t<\/div>\n\t\t\t\t<\/div>\n\t\t\t\t\t<\/div>\n\t\t\t\t<\/div>\n\t\t<div class=\"elementor-element elementor-element-8de60f0 e-flex e-con-boxed e-con e-parent\" data-id=\"8de60f0\" data-element_type=\"container\">\n\t\t\t\t\t<div class=\"e-con-inner\">\n\t\t\t\t<div class=\"elementor-element elementor-element-ecac91f elementor-widget elementor-widget-heading\" data-id=\"ecac91f\" data-element_type=\"widget\" data-widget_type=\"heading.default\">\n\t\t\t\t<div class=\"elementor-widget-container\">\n\t\t\t<h2 class=\"elementor-heading-title elementor-size-default\">LE <span class=\"bleu\">DIGITAL<\/span> N'A PLUS DE <span class=\"bleu\">SECRET<\/span> POUR NOUS !<\/h2>\t\t<\/div>\n\t\t\t\t<\/div>\n\t\t\t\t\t<\/div>\n\t\t\t\t<\/div>\n\t\t<div class=\"elementor-element elementor-element-909c877 e-flex e-con-boxed e-con e-parent\" data-id=\"909c877\" data-element_type=\"container\">\n\t\t\t\t\t<div class=\"e-con-inner\">\n\t\t\t\t<div class=\"elementor-element elementor-element-581891e elementor-cta--layout-image-left elementor-cta--valign-middle elementor-cta--mobile-layout-image-above elementor-cta--skin-classic elementor-animated-content elementor-bg-transform elementor-bg-transform-zoom-in elementor-widget elementor-widget-call-to-action\" data-id=\"581891e\" data-element_type=\"widget\" data-widget_type=\"call-to-action.default\">\n\t\t\t\t<div class=\"elementor-widget-container\">\n\t\t\t\t\t<div class=\"elementor-cta\">\n\t\t\t\t\t<div class=\"elementor-cta__bg-wrapper\">\n\t\t\t\t<div class=\"elementor-cta__bg elementor-bg\" style=\"background-image: url(https:\/\/majestik-prod.com\/agence-39\/wp-content\/uploads\/2024\/10\/e-commerce-1024x1024.jpg);\" role=\"img\" aria-label=\"\"><\/div>\n\t\t\t\t<div class=\"elementor-cta__bg-overlay\"><\/div>\n\t\t\t<\/div>\n\t\t\t\t\t\t\t<div class=\"elementor-cta__content\">\n\t\t\t\t\n\t\t\t\t\t\t\t\t\t<h2 class=\"elementor-cta__title elementor-cta__content-item elementor-content-item\">\n\t\t\t\t\t\tSITE WEB SOLUTION ECOMMERCE & SITE VITRINE\t\t\t\t\t<\/h2>\n\t\t\t\t\n\t\t\t\t\n\t\t\t\t\t\t\t\t\t<div class=\"elementor-cta__button-wrapper elementor-cta__content-item elementor-content-item \">\n\t\t\t\t\t<a class=\"elementor-cta__button elementor-button elementor-size-\" href=\"https:\/\/majestik-prod.com\/agence-39\/site-web-solution-ecommerce-site-vitrine\">\n\t\t\t\t\t\tEn savoir plus\t\t\t\t\t<\/a>\n\t\t\t\t\t<\/div>\n\t\t\t\t\t\t\t<\/div>\n\t\t\t\t\t\t<\/div>\n\t\t\t\t<\/div>\n\t\t\t\t<\/div>\n\t\t\t\t\t<\/div>\n\t\t\t\t<\/div>\n\t\t<div class=\"elementor-element elementor-element-67f7672 e-flex e-con-boxed e-con e-parent\" data-id=\"67f7672\" data-element_type=\"container\">\n\t\t\t\t\t<div class=\"e-con-inner\">\n\t\t\t\t<div class=\"elementor-element elementor-element-c06b704 elementor-cta--layout-image-left elementor-cta--mobile-layout-image-above elementor-cta--skin-classic elementor-animated-content elementor-bg-transform elementor-bg-transform-zoom-in elementor-widget elementor-widget-call-to-action\" data-id=\"c06b704\" data-element_type=\"widget\" data-widget_type=\"call-to-action.default\">\n\t\t\t\t<div class=\"elementor-widget-container\">\n\t\t\t\t\t<div class=\"elementor-cta\">\n\t\t\t\t\t<div class=\"elementor-cta__bg-wrapper\">\n\t\t\t\t<div class=\"elementor-cta__bg elementor-bg\" style=\"background-image: url(https:\/\/majestik-prod.com\/agence-39\/wp-content\/uploads\/2024\/10\/social-media-1024x1024.jpg);\" role=\"img\" aria-label=\"\"><\/div>\n\t\t\t\t<div class=\"elementor-cta__bg-overlay\"><\/div>\n\t\t\t<\/div>\n\t\t\t\t\t\t\t<div class=\"elementor-cta__content\">\n\t\t\t\t\n\t\t\t\t\t\t\t\t\t<h2 class=\"elementor-cta__title elementor-cta__content-item elementor-content-item\">\n\t\t\t\t\t\tMEDIA BUYING (PUBLICIT\u00c9 EN LIGNE)\t\t\t\t\t<\/h2>\n\t\t\t\t\n\t\t\t\t\n\t\t\t\t\t\t\t\t\t<div class=\"elementor-cta__button-wrapper elementor-cta__content-item elementor-content-item \">\n\t\t\t\t\t<a class=\"elementor-cta__button elementor-button elementor-size-\" href=\"https:\/\/majestik-prod.com\/agence-39\/media-buying-publicite-en-ligne\/\">\n\t\t\t\t\t\tEn savoir plus\t\t\t\t\t<\/a>\n\t\t\t\t\t<\/div>\n\t\t\t\t\t\t\t<\/div>\n\t\t\t\t\t\t<\/div>\n\t\t\t\t<\/div>\n\t\t\t\t<\/div>\n\t\t\t\t\t<\/div>\n\t\t\t\t<\/div>\n\t\t<div class=\"elementor-element elementor-element-bf19b29 e-flex e-con-boxed e-con e-parent\" data-id=\"bf19b29\" data-element_type=\"container\">\n\t\t\t\t\t<div class=\"e-con-inner\">\n\t\t\t\t<div class=\"elementor-element elementor-element-2d40c30 elementor-cta--layout-image-left elementor-cta--mobile-layout-image-above elementor-cta--skin-classic elementor-animated-content elementor-bg-transform elementor-bg-transform-zoom-in elementor-widget elementor-widget-call-to-action\" data-id=\"2d40c30\" data-element_type=\"widget\" data-widget_type=\"call-to-action.default\">\n\t\t\t\t<div class=\"elementor-widget-container\">\n\t\t\t\t\t<div class=\"elementor-cta\">\n\t\t\t\t\t<div class=\"elementor-cta__bg-wrapper\">\n\t\t\t\t<div class=\"elementor-cta__bg elementor-bg\" style=\"background-image: url(https:\/\/majestik-prod.com\/agence-39\/wp-content\/uploads\/2024\/10\/gestion-compte-1024x1024.jpg);\" role=\"img\" aria-label=\"\"><\/div>\n\t\t\t\t<div class=\"elementor-cta__bg-overlay\"><\/div>\n\t\t\t<\/div>\n\t\t\t\t\t\t\t<div class=\"elementor-cta__content\">\n\t\t\t\t\n\t\t\t\t\t\t\t\t\t<h2 class=\"elementor-cta__title elementor-cta__content-item elementor-content-item\">\n\t\t\t\t\t\tGESTION DE COMPTE (R\u00c9SEAUX SOCIAUX \/ EMAIL)\t\t\t\t\t<\/h2>\n\t\t\t\t\n\t\t\t\t\n\t\t\t\t\t\t\t\t\t<div class=\"elementor-cta__button-wrapper elementor-cta__content-item elementor-content-item \">\n\t\t\t\t\t<a class=\"elementor-cta__button elementor-button elementor-size-\" href=\"https:\/\/majestik-prod.com\/agence-39\/gestion-de-compte-reseaux-sociaux-email\/\">\n\t\t\t\t\t\tEn savoir plus\t\t\t\t\t<\/a>\n\t\t\t\t\t<\/div>\n\t\t\t\t\t\t\t<\/div>\n\t\t\t\t\t\t<\/div>\n\t\t\t\t<\/div>\n\t\t\t\t<\/div>\n\t\t\t\t\t<\/div>\n\t\t\t\t<\/div>\n\t\t<div class=\"elementor-element elementor-element-48459ed e-flex e-con-boxed e-con e-parent\" data-id=\"48459ed\" data-element_type=\"container\">\n\t\t\t\t\t<div class=\"e-con-inner\">\n\t\t\t\t<div class=\"elementor-element elementor-element-d8a3a39 elementor-cta--layout-image-left elementor-cta--mobile-layout-image-above elementor-cta--skin-classic elementor-animated-content elementor-bg-transform elementor-bg-transform-zoom-in elementor-widget elementor-widget-call-to-action\" data-id=\"d8a3a39\" data-element_type=\"widget\" data-widget_type=\"call-to-action.default\">\n\t\t\t\t<div class=\"elementor-widget-container\">\n\t\t\t\t\t<div class=\"elementor-cta\">\n\t\t\t\t\t<div class=\"elementor-cta__bg-wrapper\">\n\t\t\t\t<div class=\"elementor-cta__bg elementor-bg\" style=\"background-image: url(https:\/\/majestik-prod.com\/agence-39\/wp-content\/uploads\/2024\/10\/graphisme-1024x1024.jpg);\" role=\"img\" aria-label=\"\"><\/div>\n\t\t\t\t<div class=\"elementor-cta__bg-overlay\"><\/div>\n\t\t\t<\/div>\n\t\t\t\t\t\t\t<div class=\"elementor-cta__content\">\n\t\t\t\t\n\t\t\t\t\t\t\t\t\t<h2 class=\"elementor-cta__title elementor-cta__content-item elementor-content-item\">\n\t\t\t\t\t\tCR\u00c9ATION DE CHARTE GRAPHIQUE (LOGO & IDENTIT\u00c9 VISUSELLE)\t\t\t\t\t<\/h2>\n\t\t\t\t\n\t\t\t\t\n\t\t\t\t\t\t\t\t\t<div class=\"elementor-cta__button-wrapper elementor-cta__content-item elementor-content-item \">\n\t\t\t\t\t<a class=\"elementor-cta__button elementor-button elementor-size-\" href=\"https:\/\/majestik-prod.com\/agence-39\/creation-de-charte-graphique-logo-identite-visuselle\/\">\n\t\t\t\t\t\tEn savoir plus\t\t\t\t\t<\/a>\n\t\t\t\t\t<\/div>\n\t\t\t\t\t\t\t<\/div>\n\t\t\t\t\t\t<\/div>\n\t\t\t\t<\/div>\n\t\t\t\t<\/div>\n\t\t\t\t\t<\/div>\n\t\t\t\t<\/div>\n\t\t<div class=\"elementor-element elementor-element-d89f3d3 e-flex e-con-boxed e-con e-parent\" data-id=\"d89f3d3\" data-element_type=\"container\">\n\t\t\t\t\t<div class=\"e-con-inner\">\n\t\t\t\t<div class=\"elementor-element elementor-element-5c73e50 elementor-cta--layout-image-left elementor-cta--mobile-layout-image-above elementor-cta--skin-classic elementor-animated-content elementor-bg-transform elementor-bg-transform-zoom-in elementor-widget elementor-widget-call-to-action\" data-id=\"5c73e50\" data-element_type=\"widget\" data-widget_type=\"call-to-action.default\">\n\t\t\t\t<div class=\"elementor-widget-container\">\n\t\t\t\t\t<div class=\"elementor-cta\">\n\t\t\t\t\t<div class=\"elementor-cta__bg-wrapper\">\n\t\t\t\t<div class=\"elementor-cta__bg elementor-bg\" style=\"background-image: url(https:\/\/majestik-prod.com\/agence-39\/wp-content\/uploads\/2024\/10\/copywriting-1024x1024.jpg);\" role=\"img\" aria-label=\"\"><\/div>\n\t\t\t\t<div class=\"elementor-cta__bg-overlay\"><\/div>\n\t\t\t<\/div>\n\t\t\t\t\t\t\t<div class=\"elementor-cta__content\">\n\t\t\t\t\n\t\t\t\t\t\t\t\t\t<h2 class=\"elementor-cta__title elementor-cta__content-item elementor-content-item\">\n\t\t\t\t\t\tCOPYWRITING \/ \u00c9CRITURE \/ R\u00c9DACTION\t\t\t\t\t<\/h2>\n\t\t\t\t\n\t\t\t\t\n\t\t\t\t\t\t\t\t\t<div class=\"elementor-cta__button-wrapper elementor-cta__content-item elementor-content-item \">\n\t\t\t\t\t<a class=\"elementor-cta__button elementor-button elementor-size-\" href=\"https:\/\/majestik-prod.com\/agence-39\/copywriting-ecriture-redaction\/\">\n\t\t\t\t\t\tEn savoir plus\t\t\t\t\t<\/a>\n\t\t\t\t\t<\/div>\n\t\t\t\t\t\t\t<\/div>\n\t\t\t\t\t\t<\/div>\n\t\t\t\t<\/div>\n\t\t\t\t<\/div>\n\t\t\t\t\t<\/div>\n\t\t\t\t<\/div>\n\t\t<div class=\"elementor-element elementor-element-0a7b3b9 e-flex e-con-boxed e-con e-parent\" data-id=\"0a7b3b9\" data-element_type=\"container\">\n\t\t\t\t\t<div class=\"e-con-inner\">\n\t\t\t\t<div class=\"elementor-element elementor-element-915892a elementor-align-center elementor-widget elementor-widget-button\" data-id=\"915892a\" data-element_type=\"widget\" data-widget_type=\"button.default\">\n\t\t\t\t<div class=\"elementor-widget-container\">\n\t\t\t\t\t<div class=\"elementor-button-wrapper\">\n\t\t\t<a class=\"elementor-button elementor-button-link elementor-size-sm\" href=\"https:\/\/majestik-prod.com\/agence-39\/contact\/\">\n\t\t\t\t\t\t<span class=\"elementor-button-content-wrapper\">\n\t\t\t\t\t\t\t\t\t<span class=\"elementor-button-text\">Devis gratuit<\/span>\n\t\t\t\t\t<\/span>\n\t\t\t\t\t<\/a>\n\t\t<\/div>\n\t\t\t\t<\/div>\n\t\t\t\t<\/div>\n\t\t\t\t\t<\/div>\n\t\t\t\t<\/div>\n\t\t<div class=\"elementor-element elementor-element-7bff3c5 e-con-full e-flex e-con e-parent\" data-id=\"7bff3c5\" data-element_type=\"container\" data-settings=\"{&quot;background_background&quot;:&quot;classic&quot;}\">\n\t\t\t\t<div class=\"elementor-element elementor-element-2e8f096 elementor-widget elementor-widget-html\" data-id=\"2e8f096\" data-element_type=\"widget\" data-widget_type=\"html.default\">\n\t\t\t\t<div class=\"elementor-widget-container\">\n\t\t\t<script>\r\nfunction Marquee2(selector, speed) {\r\n  const parent = document.querySelector(selector);\r\n  const clone = parent.innerHTML;\r\n  let i = 0;\r\n  parent.innerHTML += clone;\r\n\r\n  setInterval(() => {\r\n    i += speed;\r\n    if (i >= parent.children[0].clientWidth) i = 0;\r\n    parent.children[0].style.marginLeft = `-${i}px`;\r\n  }, 0);\r\n}\r\n\r\nwindow.addEventListener('load', () => Marquee2('.marquee2', .5));\r\n<\/script>\t\t<\/div>\n\t\t\t\t<\/div>\n\t\t\t\t<div class=\"elementor-element elementor-element-ef9ad57 elementor-widget__width-inherit marquee2 elementor-widget elementor-widget-heading\" data-id=\"ef9ad57\" data-element_type=\"widget\" data-widget_type=\"heading.default\">\n\t\t\t\t<div class=\"elementor-widget-container\">\n\t\t\t<h2 class=\"elementor-heading-title elementor-size-default\">graphic design <span class=\"bouton\">\u2022<\/span> logo &amp; branding <span class=\"bouton\">\u2022<\/span> web design <span class=\"bouton\">\u2022<\/span> ui\/ux design <span class=\"bouton\">\u2022<\/span> web design <span class=\"bouton\">\u2022<\/span> &nbsp;  \n<\/h2>\t\t<\/div>\n\t\t\t\t<\/div>\n\t\t\t\t<\/div>\n\t\t<div class=\"elementor-element elementor-element-4076673 e-flex e-con-boxed e-con e-parent\" data-id=\"4076673\" data-element_type=\"container\">\n\t\t\t\t\t<div class=\"e-con-inner\">\n\t\t\t\t<div class=\"elementor-element elementor-element-c436683 titre e-transform elementor-widget elementor-widget-heading\" data-id=\"c436683\" data-element_type=\"widget\" data-settings=\"{&quot;_transform_scale_effect_hover&quot;:{&quot;unit&quot;:&quot;px&quot;,&quot;size&quot;:0.6,&quot;sizes&quot;:[]},&quot;_transform_scale_effect_hover_tablet&quot;:{&quot;unit&quot;:&quot;px&quot;,&quot;size&quot;:&quot;&quot;,&quot;sizes&quot;:[]},&quot;_transform_scale_effect_hover_mobile&quot;:{&quot;unit&quot;:&quot;px&quot;,&quot;size&quot;:&quot;&quot;,&quot;sizes&quot;:[]}}\" data-widget_type=\"heading.default\">\n\t\t\t\t<div class=\"elementor-widget-container\">\n\t\t\t<h2 class=\"elementor-heading-title elementor-size-default\"><a href=\"#\">\u00e9crivons l'avenir<br> ensemble !<\/a><\/h2>\t\t<\/div>\n\t\t\t\t<\/div>\n\t\t\t\t\t<\/div>\n\t\t\t\t<\/div>\n\t\t\t\t<\/div>\n\t\t","protected":false},"excerpt":{"rendered":"<p>graphic design \u2022 logo &amp; branding \u2022 web design \u2022 ui\/ux design \u2022 web design \u2022 &nbsp; Nous contacter 13 ans d&rsquo;exp\u00e9rience Pas n\u00e9s de la derni\u00e8re pluie, Big House Marketing et toute son \u00e9quipe se sont forg\u00e9s une exp\u00e9rience et une expertise solide, l\u00e9gitime. Made in Luxembourg Un savoir faire in\u00e9gal\u00e9, pr\u00e9cis et surtout [&hellip;]<\/p>\n","protected":false},"author":1,"featured_media":0,"parent":0,"menu_order":0,"comment_status":"closed","ping_status":"closed","template":"","meta":{"footnotes":""},"class_list":["post-7","page","type-page","status-publish","hentry"],"_links":{"self":[{"href":"https:\/\/majestik-prod.com\/agence-39\/wp-json\/wp\/v2\/pages\/7","targetHints":{"allow":["GET"]}}],"collection":[{"href":"https:\/\/majestik-prod.com\/agence-39\/wp-json\/wp\/v2\/pages"}],"about":[{"href":"https:\/\/majestik-prod.com\/agence-39\/wp-json\/wp\/v2\/types\/page"}],"author":[{"embeddable":true,"href":"https:\/\/majestik-prod.com\/agence-39\/wp-json\/wp\/v2\/users\/1"}],"replies":[{"embeddable":true,"href":"https:\/\/majestik-prod.com\/agence-39\/wp-json\/wp\/v2\/comments?post=7"}],"version-history":[{"count":512,"href":"https:\/\/majestik-prod.com\/agence-39\/wp-json\/wp\/v2\/pages\/7\/revisions"}],"predecessor-version":[{"id":1104,"href":"https:\/\/majestik-prod.com\/agence-39\/wp-json\/wp\/v2\/pages\/7\/revisions\/1104"}],"wp:attachment":[{"href":"https:\/\/majestik-prod.com\/agence-39\/wp-json\/wp\/v2\/media?parent=7"}],"curies":[{"name":"wp","href":"https:\/\/api.w.org\/{rel}","templated":true}]}}