{"id":806,"date":"2024-10-29T10:04:01","date_gmt":"2024-10-29T09:04:01","guid":{"rendered":"https:\/\/majestik-prod.com\/agence-39\/?page_id=806"},"modified":"2024-10-30T06:11:02","modified_gmt":"2024-10-30T05:11:02","slug":"mentions-legales","status":"publish","type":"page","link":"https:\/\/majestik-prod.com\/agence-39\/mentions-legales\/","title":{"rendered":"Mentions l\u00e9gales"},"content":{"rendered":"\t\t<div data-elementor-type=\"wp-page\" data-elementor-id=\"806\" class=\"elementor elementor-806\" data-elementor-post-type=\"page\">\n\t\t\t\t<div class=\"elementor-element elementor-element-3bfe392 e-flex e-con-boxed e-con e-parent\" data-id=\"3bfe392\" data-element_type=\"container\">\n\t\t\t\t\t<div class=\"e-con-inner\">\n\t\t\t\t<div class=\"elementor-element elementor-element-d08580a elementor-widget elementor-widget-heading\" data-id=\"d08580a\" data-element_type=\"widget\" data-widget_type=\"heading.default\">\n\t\t\t\t<div class=\"elementor-widget-container\">\n\t\t\t<h2 class=\"elementor-heading-title elementor-size-default\">Mentions l\u00e9gales<\/h2>\t\t<\/div>\n\t\t\t\t<\/div>\n\t\t\t\t<div class=\"elementor-element elementor-element-1af43fa elementor-widget elementor-widget-text-editor\" data-id=\"1af43fa\" data-element_type=\"widget\" data-widget_type=\"text-editor.default\">\n\t\t\t\t<div class=\"elementor-widget-container\">\n\t\t\t\t\t\t\t<p>Agence 39<\/p><div class=\"wDYxhc\" data-attrid=\"kc:\/location\/location:address\" data-md=\"1002\" data-hveid=\"CDAQAA\" data-ved=\"2ahUKEwjv68aZnrOJAxU2SkEAHSrGMu0QkCl6BAgwEAA\"><div class=\"Z1hOCe\"><div class=\"zloOqf PZPZlf\" data-dtype=\"d3ifr\" data-local-attribute=\"d3adr\" data-mid=\"\/g\/11jg5wbtyz\" data-ved=\"2ahUKEwjv68aZnrOJAxU2SkEAHSrGMu0QghwoAHoECDAQAQ\"><span class=\"LrzXr\">40 Rue Hugues le Grand, 77160 Provins, France<\/span><\/div><\/div><\/div><div class=\"wDYxhc\" data-attrid=\"kc:\/location\/location:hours\" data-md=\"1005\" data-hveid=\"CDEQAA\" data-ved=\"2ahUKEwjv68aZnrOJAxU2SkEAHSrGMu0QkCl6BAgxEAA\"><div class=\"zloOqf PZPZlf\"><div class=\"bJpcZ\"><div class=\"b2JWxc h-n\" tabindex=\"0\" role=\"button\" aria-expanded=\"false\" data-ved=\"2ahUKEwjv68aZnrOJAxU2SkEAHSrGMu0QoT56BAgxEAM\"><span class=\"IDu36\"><span class=\"TLou0b\"><span class=\"JjSWRd\">Ouvert \u22c5 Ferme \u00e0 18:30<\/span><\/span><\/span><\/div><\/div><\/div><\/div><div class=\"wDYxhc\" data-attrid=\"kc:\/local:alt phone\" data-md=\"1006\" data-hveid=\"CC4QAA\" data-ved=\"2ahUKEwjv68aZnrOJAxU2SkEAHSrGMu0QkCl6BAguEAA\"><div class=\"Z1hOCe\"><div class=\"zloOqf PZPZlf\" data-dtype=\"d3ifr\" data-local-attribute=\"d3ph\" data-ved=\"2ahUKEwjv68aZnrOJAxU2SkEAHSrGMu0Q8I0BKAB6BAguEAE\"><span class=\"w8qArf FoJoyf\">\u00a0<\/span><span class=\"LrzXr zdqRlf kno-fv\"><span aria-label=\"Appeler le +33 6 18 16 55 76\">+33 6 18 16 55 76<\/span><\/span><\/div><\/div><\/div>\t\t\t\t\t\t<\/div>\n\t\t\t\t<\/div>\n\t\t\t\t\t<\/div>\n\t\t\t\t<\/div>\n\t\t<div class=\"elementor-element elementor-element-55b3589 e-flex e-con-boxed e-con e-parent\" data-id=\"55b3589\" data-element_type=\"container\">\n\t\t\t\t\t<div class=\"e-con-inner\">\n\t\t\t\t<div class=\"elementor-element elementor-element-78be764 elementor-widget elementor-widget-heading\" data-id=\"78be764\" data-element_type=\"widget\" data-widget_type=\"heading.default\">\n\t\t\t\t<div class=\"elementor-widget-container\">\n\t\t\t<h3 class=\"elementor-heading-title elementor-size-default\">1) Responsable de la communication<\/h3>\t\t<\/div>\n\t\t\t\t<\/div>\n\t\t\t\t<div class=\"elementor-element elementor-element-e7a4fcd elementor-widget elementor-widget-text-editor\" data-id=\"e7a4fcd\" data-element_type=\"widget\" data-widget_type=\"text-editor.default\">\n\t\t\t\t<div class=\"elementor-widget-container\">\n\t\t\t\t\t\t\t<p>Le responsable de la publication du site\u00a0<a href=\"https:\/\/www.lagence39.com\/\" target=\"_new\">www.lagence39.com<\/a> est Alan R. en sa qualit\u00e9 de g\u00e9rant, associ\u00e9 de la soci\u00e9t\u00e9 Agence 39.<\/p>\t\t\t\t\t\t<\/div>\n\t\t\t\t<\/div>\n\t\t\t\t\t<\/div>\n\t\t\t\t<\/div>\n\t\t<div class=\"elementor-element elementor-element-ef5df7d e-flex e-con-boxed e-con e-parent\" data-id=\"ef5df7d\" data-element_type=\"container\">\n\t\t\t\t\t<div class=\"e-con-inner\">\n\t\t\t\t<div class=\"elementor-element elementor-element-84f209d elementor-widget elementor-widget-heading\" data-id=\"84f209d\" data-element_type=\"widget\" data-widget_type=\"heading.default\">\n\t\t\t\t<div class=\"elementor-widget-container\">\n\t\t\t<h3 class=\"elementor-heading-title elementor-size-default\">2) H\u00e9bergement\n\u200d<\/h3>\t\t<\/div>\n\t\t\t\t<\/div>\n\t\t\t\t<div class=\"elementor-element elementor-element-30ef30b elementor-widget elementor-widget-text-editor\" data-id=\"30ef30b\" data-element_type=\"widget\" data-widget_type=\"text-editor.default\">\n\t\t\t\t<div class=\"elementor-widget-container\">\n\t\t\t\t\t\t\t<p>Le responsable de la publication du site\u00a0<a href=\"https:\/\/www.lagence39.com\/\" target=\"_new\">www.lagence39.com<\/a> est Alan R. en sa qualit\u00e9 de g\u00e9rant, associ\u00e9 de la soci\u00e9t\u00e9 Agence 39.<\/p>\t\t\t\t\t\t<\/div>\n\t\t\t\t<\/div>\n\t\t\t\t\t<\/div>\n\t\t\t\t<\/div>\n\t\t<div class=\"elementor-element elementor-element-adc5250 e-flex e-con-boxed e-con e-parent\" data-id=\"adc5250\" data-element_type=\"container\">\n\t\t\t\t\t<div class=\"e-con-inner\">\n\t\t\t\t<div class=\"elementor-element elementor-element-bf2c641 elementor-widget elementor-widget-heading\" data-id=\"bf2c641\" data-element_type=\"widget\" data-widget_type=\"heading.default\">\n\t\t\t\t<div class=\"elementor-widget-container\">\n\t\t\t<h3 class=\"elementor-heading-title elementor-size-default\">3) Propri\u00e9t\u00e9 intellectuelle<\/h3>\t\t<\/div>\n\t\t\t\t<\/div>\n\t\t\t\t<div class=\"elementor-element elementor-element-e7b58fe elementor-widget elementor-widget-text-editor\" data-id=\"e7b58fe\" data-element_type=\"widget\" data-widget_type=\"text-editor.default\">\n\t\t\t\t<div class=\"elementor-widget-container\">\n\t\t\t\t\t\t\t<p>L&rsquo;ensemble des \u00e9l\u00e9ments constituant le site (textes, images, logos, marques, etc.) sont la propri\u00e9t\u00e9 exclusive de Agence 39 et sont prot\u00e9g\u00e9s par les lois relatives \u00e0 la propri\u00e9t\u00e9 intellectuelle.<br \/>Toute reproduction, modification ou distribution, partielle ou totale, de ces \u00e9l\u00e9ments est strictement interdite sans l&rsquo;autorisation \u00e9crite pr\u00e9alable de Agence 39.<\/p>\t\t\t\t\t\t<\/div>\n\t\t\t\t<\/div>\n\t\t\t\t\t<\/div>\n\t\t\t\t<\/div>\n\t\t<div class=\"elementor-element elementor-element-a4eaa28 e-flex e-con-boxed e-con e-parent\" data-id=\"a4eaa28\" data-element_type=\"container\">\n\t\t\t\t\t<div class=\"e-con-inner\">\n\t\t\t\t<div class=\"elementor-element elementor-element-8d4739d elementor-widget elementor-widget-heading\" data-id=\"8d4739d\" data-element_type=\"widget\" data-widget_type=\"heading.default\">\n\t\t\t\t<div class=\"elementor-widget-container\">\n\t\t\t<h3 class=\"elementor-heading-title elementor-size-default\">4) Politique de confidentialit\u00e9 et protection des donn\u00e9es<\/h3>\t\t<\/div>\n\t\t\t\t<\/div>\n\t\t\t\t<div class=\"elementor-element elementor-element-2179cc1 elementor-widget elementor-widget-text-editor\" data-id=\"2179cc1\" data-element_type=\"widget\" data-widget_type=\"text-editor.default\">\n\t\t\t\t<div class=\"elementor-widget-container\">\n\t\t\t\t\t\t\t<p>Agence 39 s&rsquo;engage \u00e0 prot\u00e9ger la vie priv\u00e9e de ses utilisateurs et \u00e0 respecter les r\u00e9glementations en vigueur en mati\u00e8re de protection des donn\u00e9es personnelles, notamment le R\u00e8glement G\u00e9n\u00e9ral sur la Protection des Donn\u00e9es (RGPD) et la loi luxembourgeoise sur la protection des donn\u00e9es. Pour plus d&rsquo;informations sur la mani\u00e8re dont nous collectons, utilisons et prot\u00e9geons vos donn\u00e9es personnelles, veuillez consulter notre politique de confidentialit\u00e9, disponible sur la page [Lien vers la page de la politique de confidentialit\u00e9].<\/p>\t\t\t\t\t\t<\/div>\n\t\t\t\t<\/div>\n\t\t\t\t\t<\/div>\n\t\t\t\t<\/div>\n\t\t\t\t<\/div>\n\t\t","protected":false},"excerpt":{"rendered":"<p>Mentions l\u00e9gales Agence 39 40 Rue Hugues le Grand, 77160 Provins, FranceOuvert \u22c5 Ferme \u00e0 18:30\u00a0+33 6 18 16 55 76 1) Responsable de la communication Le responsable de la publication du site\u00a0www.lagence39.com est Alan R. en sa qualit\u00e9 de g\u00e9rant, associ\u00e9 de la soci\u00e9t\u00e9 Agence 39. 2) H\u00e9bergement \u200d Le responsable de la publication [&hellip;]<\/p>\n","protected":false},"author":1,"featured_media":0,"parent":0,"menu_order":0,"comment_status":"closed","ping_status":"closed","template":"","meta":{"footnotes":""},"class_list":["post-806","page","type-page","status-publish","hentry"],"_links":{"self":[{"href":"https:\/\/majestik-prod.com\/agence-39\/wp-json\/wp\/v2\/pages\/806","targetHints":{"allow":["GET"]}}],"collection":[{"href":"https:\/\/majestik-prod.com\/agence-39\/wp-json\/wp\/v2\/pages"}],"about":[{"href":"https:\/\/majestik-prod.com\/agence-39\/wp-json\/wp\/v2\/types\/page"}],"author":[{"embeddable":true,"href":"https:\/\/majestik-prod.com\/agence-39\/wp-json\/wp\/v2\/users\/1"}],"replies":[{"embeddable":true,"href":"https:\/\/majestik-prod.com\/agence-39\/wp-json\/wp\/v2\/comments?post=806"}],"version-history":[{"count":55,"href":"https:\/\/majestik-prod.com\/agence-39\/wp-json\/wp\/v2\/pages\/806\/revisions"}],"predecessor-version":[{"id":1143,"href":"https:\/\/majestik-prod.com\/agence-39\/wp-json\/wp\/v2\/pages\/806\/revisions\/1143"}],"wp:attachment":[{"href":"https:\/\/majestik-prod.com\/agence-39\/wp-json\/wp\/v2\/media?parent=806"}],"curies":[{"name":"wp","href":"https:\/\/api.w.org\/{rel}","templated":true}]}}