{"id":854,"date":"2024-10-29T11:09:23","date_gmt":"2024-10-29T10:09:23","guid":{"rendered":"https:\/\/majestik-prod.com\/agence-39\/?page_id=854"},"modified":"2024-10-30T06:12:33","modified_gmt":"2024-10-30T05:12:33","slug":"site-web-solution-ecommerce-site-vitrine","status":"publish","type":"page","link":"https:\/\/majestik-prod.com\/agence-39\/site-web-solution-ecommerce-site-vitrine\/","title":{"rendered":"SITE WEB SOLUTION ECOMMERCE &amp; SITE VITRINE"},"content":{"rendered":"\t\t<div data-elementor-type=\"wp-page\" data-elementor-id=\"854\" class=\"elementor elementor-854\" data-elementor-post-type=\"page\">\n\t\t\t\t<div class=\"elementor-element elementor-element-9313255 e-flex e-con-boxed e-con e-parent\" data-id=\"9313255\" data-element_type=\"container\">\n\t\t\t\t\t<div class=\"e-con-inner\">\n\t\t\t\t<div class=\"elementor-element elementor-element-394ab88 elementor-widget elementor-widget-heading\" data-id=\"394ab88\" data-element_type=\"widget\" data-widget_type=\"heading.default\">\n\t\t\t\t<div class=\"elementor-widget-container\">\n\t\t\t<h2 class=\"elementor-heading-title elementor-size-default\">SITE WEB SOLUTION ECOMMERCE &amp; SITE VITRINE<\/h2>\t\t<\/div>\n\t\t\t\t<\/div>\n\t\t\t\t\t<\/div>\n\t\t\t\t<\/div>\n\t\t<div class=\"elementor-element elementor-element-9b5745a e-flex e-con-boxed e-con e-parent\" data-id=\"9b5745a\" data-element_type=\"container\">\n\t\t\t\t\t<div class=\"e-con-inner\">\n\t\t\t\t<div class=\"elementor-element elementor-element-510930c elementor-widget elementor-widget-image\" data-id=\"510930c\" data-element_type=\"widget\" data-widget_type=\"image.default\">\n\t\t\t\t<div class=\"elementor-widget-container\">\n\t\t\t\t\t\t\t\t\t\t\t\t\t<img fetchpriority=\"high\" decoding=\"async\" width=\"768\" height=\"768\" src=\"https:\/\/majestik-prod.com\/agence-39\/wp-content\/uploads\/2024\/10\/e-commerce-768x768.jpg\" class=\"attachment-medium_large size-medium_large wp-image-384\" alt=\"\" srcset=\"https:\/\/majestik-prod.com\/agence-39\/wp-content\/uploads\/2024\/10\/e-commerce-768x768.jpg 768w, https:\/\/majestik-prod.com\/agence-39\/wp-content\/uploads\/2024\/10\/e-commerce-300x300.jpg 300w, https:\/\/majestik-prod.com\/agence-39\/wp-content\/uploads\/2024\/10\/e-commerce-1024x1024.jpg 1024w, https:\/\/majestik-prod.com\/agence-39\/wp-content\/uploads\/2024\/10\/e-commerce-150x150.jpg 150w, https:\/\/majestik-prod.com\/agence-39\/wp-content\/uploads\/2024\/10\/e-commerce.jpg 1080w\" sizes=\"(max-width: 768px) 100vw, 768px\" \/>\t\t\t\t\t\t\t\t\t\t\t\t\t<\/div>\n\t\t\t\t<\/div>\n\t\t\t\t\t<\/div>\n\t\t\t\t<\/div>\n\t\t<div class=\"elementor-element elementor-element-0b492ec e-flex e-con-boxed e-con e-parent\" data-id=\"0b492ec\" data-element_type=\"container\">\n\t\t\t\t\t<div class=\"e-con-inner\">\n\t\t<div class=\"elementor-element elementor-element-9e05dcd e-con-full e-flex e-con e-child\" data-id=\"9e05dcd\" data-element_type=\"container\">\n\t\t\t\t<div class=\"elementor-element elementor-element-98f4e5d elementor-widget elementor-widget-heading\" data-id=\"98f4e5d\" data-element_type=\"widget\" data-settings=\"{&quot;sticky&quot;:&quot;top&quot;,&quot;sticky_offset&quot;:100,&quot;sticky_parent&quot;:&quot;yes&quot;,&quot;sticky_on&quot;:[&quot;desktop&quot;,&quot;tablet&quot;,&quot;mobile&quot;],&quot;sticky_effects_offset&quot;:0}\" data-widget_type=\"heading.default\">\n\t\t\t\t<div class=\"elementor-widget-container\">\n\t\t\t<h3 class=\"elementor-heading-title elementor-size-default\">Pourquoi Agence 39 ?<\/h3>\t\t<\/div>\n\t\t\t\t<\/div>\n\t\t\t\t<\/div>\n\t\t<div class=\"elementor-element elementor-element-ed7daaf e-con-full e-flex e-con e-child\" data-id=\"ed7daaf\" data-element_type=\"container\">\n\t\t\t\t<div class=\"elementor-element elementor-element-68b86b1 elementor-widget elementor-widget-heading\" data-id=\"68b86b1\" data-element_type=\"widget\" data-widget_type=\"heading.default\">\n\t\t\t\t<div class=\"elementor-widget-container\">\n\t\t\t<h3 class=\"elementor-heading-title elementor-size-default\">Les Avantages majeurs de cr\u00e9er son site web avec nous !<\/h3>\t\t<\/div>\n\t\t\t\t<\/div>\n\t\t\t\t<div class=\"elementor-element elementor-element-edbc57c elementor-widget elementor-widget-text-editor\" data-id=\"edbc57c\" data-element_type=\"widget\" data-widget_type=\"text-editor.default\">\n\t\t\t\t<div class=\"elementor-widget-container\">\n\t\t\t\t\t\t\t<h3>I) Expertise et exp\u00e9rience :<\/h3><p>Chez Agence 39, nous poss\u00e9dons une solide exp\u00e9rience dans la revente de sites web e-commerce et de sites vitrines. Notre \u00e9quipe d&rsquo;experts s\u00e9lectionne soigneusement les sites pour s&rsquo;assurer qu&rsquo;ils r\u00e9pondent aux exigences les plus \u00e9lev\u00e9es en mati\u00e8re de design, de fonctionnalit\u00e9 et de performance. En faisant appel \u00e0 nos services, vous b\u00e9n\u00e9ficiez de notre savoir-faire et de notre expertise pour obtenir un site web adapt\u00e9 \u00e0 vos besoins.<\/p><p>\u200d<\/p><h3>II) Personnalisation et adaptabilit\u00e9 :<\/h3><p>\u00c0 Agence 39, nous comprenons que chaque entreprise est unique et a des besoins sp\u00e9cifiques. C&rsquo;est pourquoi nous offrons des solutions personnalis\u00e9es pour chacun de nos clients, en adaptant les sites web e-commerce et les sites vitrines \u00e0 votre image de marque, \u00e0 votre secteur d&rsquo;activit\u00e9 et \u00e0 vos objectifs commerciaux.<\/p><p>\u200d<\/p><h3>III) Support et maintenance :<\/h3><p>L&rsquo;un des principaux avantages de travailler avec Agence 39 est le support et la maintenance offerts apr\u00e8s l&rsquo;achat d&rsquo;un site web. Notre \u00e9quipe d\u00e9di\u00e9e est \u00e0 votre disposition pour vous assister dans la gestion de votre site, la r\u00e9solution de probl\u00e8mes techniques ou la mise \u00e0 jour des fonctionnalit\u00e9s. Cela vous permet de vous concentrer sur la croissance de votre entreprise sans vous soucier des probl\u00e8mes li\u00e9s au site web.<\/p><p>\u200d<\/p><h3>IV) Rentabilit\u00e9 et retour sur investissement<\/h3><p>En investissant dans un site web e-commerce ou un site vitrine revendu par Agence 39, vous pouvez \u00eatre assur\u00e9s d&rsquo;obtenir un retour sur investissement rapide. Gr\u00e2ce \u00e0 notre s\u00e9lection rigoureuse de sites de qualit\u00e9 et \u00e0 notre expertise en marketing digital, vous pouvez esp\u00e9rer une augmentation significative du trafic, des conversions et des ventes, ce qui contribue \u00e0 la rentabilit\u00e9 de votre entreprise.<\/p>\t\t\t\t\t\t<\/div>\n\t\t\t\t<\/div>\n\t\t\t\t<\/div>\n\t\t\t\t\t<\/div>\n\t\t\t\t<\/div>\n\t\t<div class=\"elementor-element elementor-element-a7b06e9 e-flex e-con-boxed e-con e-parent\" data-id=\"a7b06e9\" data-element_type=\"container\">\n\t\t\t\t\t<div class=\"e-con-inner\">\n\t\t\t\t<div class=\"elementor-element elementor-element-905917b elementor-widget elementor-widget-gallery\" data-id=\"905917b\" data-element_type=\"widget\" data-settings=\"{&quot;columns&quot;:2,&quot;gap&quot;:{&quot;unit&quot;:&quot;px&quot;,&quot;size&quot;:25,&quot;sizes&quot;:[]},&quot;aspect_ratio&quot;:&quot;1:1&quot;,&quot;lazyload&quot;:&quot;yes&quot;,&quot;gallery_layout&quot;:&quot;grid&quot;,&quot;columns_tablet&quot;:2,&quot;columns_mobile&quot;:1,&quot;gap_tablet&quot;:{&quot;unit&quot;:&quot;px&quot;,&quot;size&quot;:10,&quot;sizes&quot;:[]},&quot;gap_mobile&quot;:{&quot;unit&quot;:&quot;px&quot;,&quot;size&quot;:10,&quot;sizes&quot;:[]},&quot;link_to&quot;:&quot;file&quot;,&quot;overlay_background&quot;:&quot;yes&quot;,&quot;content_hover_animation&quot;:&quot;fade-in&quot;}\" data-widget_type=\"gallery.default\">\n\t\t\t\t<div class=\"elementor-widget-container\">\n\t\t\t\t\t<div class=\"elementor-gallery__container\">\n\t\t\t\t\t\t\t<a class=\"e-gallery-item elementor-gallery-item elementor-animated-content\" href=\"https:\/\/majestik-prod.com\/agence-39\/wp-content\/uploads\/2024\/10\/645a2d6c88a80f9188488a93_Capture-decran-2023-05-09-a-13.23.54.png\" data-elementor-open-lightbox=\"yes\" data-elementor-lightbox-slideshow=\"905917b\" data-elementor-lightbox-title=\"645a2d6c88a80f9188488a93_Capture d\u2019e\u0301cran 2023-05-09 a\u0300 13.23.54\" data-e-action-hash=\"#elementor-action%3Aaction%3Dlightbox%26settings%3DeyJpZCI6MTAyNCwidXJsIjoiaHR0cHM6XC9cL21hamVzdGlrLXByb2QuY29tXC9hZ2VuY2UtMzlcL3dwLWNvbnRlbnRcL3VwbG9hZHNcLzIwMjRcLzEwXC82NDVhMmQ2Yzg4YTgwZjkxODg0ODhhOTNfQ2FwdHVyZS1kZWNyYW4tMjAyMy0wNS0wOS1hLTEzLjIzLjU0LnBuZyIsInNsaWRlc2hvdyI6IjkwNTkxN2IifQ%3D%3D\">\n\t\t\t\t\t<div class=\"e-gallery-image elementor-gallery-item__image\" data-thumbnail=\"https:\/\/majestik-prod.com\/agence-39\/wp-content\/uploads\/2024\/10\/645a2d6c88a80f9188488a93_Capture-decran-2023-05-09-a-13.23.54.png\" data-width=\"694\" data-height=\"914\" aria-label=\"\" role=\"img\" ><\/div>\n\t\t\t\t\t\t\t\t\t\t\t<div class=\"elementor-gallery-item__overlay\"><\/div>\n\t\t\t\t\t\t\t\t\t\t\t\t\t\t<\/a>\n\t\t\t\t\t\t\t<a class=\"e-gallery-item elementor-gallery-item elementor-animated-content\" href=\"https:\/\/majestik-prod.com\/agence-39\/wp-content\/uploads\/2024\/10\/645a2d5633be2cbb7bf77dc1_Capture-decran-2023-05-09-a-13.22.35-p-800.png\" data-elementor-open-lightbox=\"yes\" data-elementor-lightbox-slideshow=\"905917b\" data-elementor-lightbox-title=\"645a2d5633be2cbb7bf77dc1_Capture d\u2019e\u0301cran 2023-05-09 a\u0300 13.22.35-p-800\" data-e-action-hash=\"#elementor-action%3Aaction%3Dlightbox%26settings%3DeyJpZCI6MTAyNSwidXJsIjoiaHR0cHM6XC9cL21hamVzdGlrLXByb2QuY29tXC9hZ2VuY2UtMzlcL3dwLWNvbnRlbnRcL3VwbG9hZHNcLzIwMjRcLzEwXC82NDVhMmQ1NjMzYmUyY2JiN2JmNzdkYzFfQ2FwdHVyZS1kZWNyYW4tMjAyMy0wNS0wOS1hLTEzLjIyLjM1LXAtODAwLnBuZyIsInNsaWRlc2hvdyI6IjkwNTkxN2IifQ%3D%3D\">\n\t\t\t\t\t<div class=\"e-gallery-image elementor-gallery-item__image\" data-thumbnail=\"https:\/\/majestik-prod.com\/agence-39\/wp-content\/uploads\/2024\/10\/645a2d5633be2cbb7bf77dc1_Capture-decran-2023-05-09-a-13.22.35-p-800-768x503.png\" data-width=\"768\" data-height=\"503\" aria-label=\"\" role=\"img\" ><\/div>\n\t\t\t\t\t\t\t\t\t\t\t<div class=\"elementor-gallery-item__overlay\"><\/div>\n\t\t\t\t\t\t\t\t\t\t\t\t\t\t<\/a>\n\t\t\t\t\t\t\t<a class=\"e-gallery-item elementor-gallery-item elementor-animated-content\" href=\"https:\/\/majestik-prod.com\/agence-39\/wp-content\/uploads\/2024\/10\/645a2d679870f221fe435294_Capture-decran-2023-05-09-a-13.23.20.png\" data-elementor-open-lightbox=\"yes\" data-elementor-lightbox-slideshow=\"905917b\" data-elementor-lightbox-title=\"645a2d679870f221fe435294_Capture d\u2019e\u0301cran 2023-05-09 a\u0300 13.23.20\" data-e-action-hash=\"#elementor-action%3Aaction%3Dlightbox%26settings%3DeyJpZCI6MTAyNiwidXJsIjoiaHR0cHM6XC9cL21hamVzdGlrLXByb2QuY29tXC9hZ2VuY2UtMzlcL3dwLWNvbnRlbnRcL3VwbG9hZHNcLzIwMjRcLzEwXC82NDVhMmQ2Nzk4NzBmMjIxZmU0MzUyOTRfQ2FwdHVyZS1kZWNyYW4tMjAyMy0wNS0wOS1hLTEzLjIzLjIwLnBuZyIsInNsaWRlc2hvdyI6IjkwNTkxN2IifQ%3D%3D\">\n\t\t\t\t\t<div class=\"e-gallery-image elementor-gallery-item__image\" data-thumbnail=\"https:\/\/majestik-prod.com\/agence-39\/wp-content\/uploads\/2024\/10\/645a2d679870f221fe435294_Capture-decran-2023-05-09-a-13.23.20.png\" data-width=\"688\" data-height=\"1052\" aria-label=\"\" role=\"img\" ><\/div>\n\t\t\t\t\t\t\t\t\t\t\t<div class=\"elementor-gallery-item__overlay\"><\/div>\n\t\t\t\t\t\t\t\t\t\t\t\t\t\t<\/a>\n\t\t\t\t\t\t\t<a class=\"e-gallery-item elementor-gallery-item elementor-animated-content\" href=\"https:\/\/majestik-prod.com\/agence-39\/wp-content\/uploads\/2024\/10\/645a2e51e17aba23b014b7b2_Capture-decran-2023-05-09-a-13.28.04.png\" data-elementor-open-lightbox=\"yes\" data-elementor-lightbox-slideshow=\"905917b\" data-elementor-lightbox-title=\"645a2e51e17aba23b014b7b2_Capture d\u2019e\u0301cran 2023-05-09 a\u0300 13.28.04\" data-e-action-hash=\"#elementor-action%3Aaction%3Dlightbox%26settings%3DeyJpZCI6MTAyNywidXJsIjoiaHR0cHM6XC9cL21hamVzdGlrLXByb2QuY29tXC9hZ2VuY2UtMzlcL3dwLWNvbnRlbnRcL3VwbG9hZHNcLzIwMjRcLzEwXC82NDVhMmU1MWUxN2FiYTIzYjAxNGI3YjJfQ2FwdHVyZS1kZWNyYW4tMjAyMy0wNS0wOS1hLTEzLjI4LjA0LnBuZyIsInNsaWRlc2hvdyI6IjkwNTkxN2IifQ%3D%3D\">\n\t\t\t\t\t<div class=\"e-gallery-image elementor-gallery-item__image\" data-thumbnail=\"https:\/\/majestik-prod.com\/agence-39\/wp-content\/uploads\/2024\/10\/645a2e51e17aba23b014b7b2_Capture-decran-2023-05-09-a-13.28.04.png\" data-width=\"708\" data-height=\"1000\" aria-label=\"\" role=\"img\" ><\/div>\n\t\t\t\t\t\t\t\t\t\t\t<div class=\"elementor-gallery-item__overlay\"><\/div>\n\t\t\t\t\t\t\t\t\t\t\t\t\t\t<\/a>\n\t\t\t\t\t<\/div>\n\t\t\t<\/div>\n\t\t\t\t<\/div>\n\t\t\t\t\t<\/div>\n\t\t\t\t<\/div>\n\t\t<div class=\"elementor-element elementor-element-9e06ac0 e-flex e-con-boxed e-con e-parent\" data-id=\"9e06ac0\" data-element_type=\"container\">\n\t\t\t\t\t<div class=\"e-con-inner\">\n\t\t\t\t<div class=\"elementor-element elementor-element-f7373e7 elementor-align-center elementor-widget elementor-widget-button\" data-id=\"f7373e7\" data-element_type=\"widget\" data-widget_type=\"button.default\">\n\t\t\t\t<div class=\"elementor-widget-container\">\n\t\t\t\t\t<div class=\"elementor-button-wrapper\">\n\t\t\t<a class=\"elementor-button elementor-button-link elementor-size-sm\" href=\"https:\/\/majestik-prod.com\/agence-39\/contact\/\">\n\t\t\t\t\t\t<span class=\"elementor-button-content-wrapper\">\n\t\t\t\t\t\t\t\t\t<span class=\"elementor-button-text\">Demander un Devis gratuit<\/span>\n\t\t\t\t\t<\/span>\n\t\t\t\t\t<\/a>\n\t\t<\/div>\n\t\t\t\t<\/div>\n\t\t\t\t<\/div>\n\t\t\t\t\t<\/div>\n\t\t\t\t<\/div>\n\t\t\t\t<\/div>\n\t\t","protected":false},"excerpt":{"rendered":"<p>SITE WEB SOLUTION ECOMMERCE &amp; SITE VITRINE Pourquoi Agence 39 ? Les Avantages majeurs de cr\u00e9er son site web avec nous ! I) Expertise et exp\u00e9rience : Chez Agence 39, nous poss\u00e9dons une solide exp\u00e9rience dans la revente de sites web e-commerce et de sites vitrines. Notre \u00e9quipe d&rsquo;experts s\u00e9lectionne soigneusement les sites pour s&rsquo;assurer [&hellip;]<\/p>\n","protected":false},"author":1,"featured_media":0,"parent":0,"menu_order":0,"comment_status":"closed","ping_status":"closed","template":"","meta":{"footnotes":""},"class_list":["post-854","page","type-page","status-publish","hentry"],"_links":{"self":[{"href":"https:\/\/majestik-prod.com\/agence-39\/wp-json\/wp\/v2\/pages\/854","targetHints":{"allow":["GET"]}}],"collection":[{"href":"https:\/\/majestik-prod.com\/agence-39\/wp-json\/wp\/v2\/pages"}],"about":[{"href":"https:\/\/majestik-prod.com\/agence-39\/wp-json\/wp\/v2\/types\/page"}],"author":[{"embeddable":true,"href":"https:\/\/majestik-prod.com\/agence-39\/wp-json\/wp\/v2\/users\/1"}],"replies":[{"embeddable":true,"href":"https:\/\/majestik-prod.com\/agence-39\/wp-json\/wp\/v2\/comments?post=854"}],"version-history":[{"count":106,"href":"https:\/\/majestik-prod.com\/agence-39\/wp-json\/wp\/v2\/pages\/854\/revisions"}],"predecessor-version":[{"id":1152,"href":"https:\/\/majestik-prod.com\/agence-39\/wp-json\/wp\/v2\/pages\/854\/revisions\/1152"}],"wp:attachment":[{"href":"https:\/\/majestik-prod.com\/agence-39\/wp-json\/wp\/v2\/media?parent=854"}],"curies":[{"name":"wp","href":"https:\/\/api.w.org\/{rel}","templated":true}]}}