{"id":967,"date":"2024-10-29T11:58:28","date_gmt":"2024-10-29T10:58:28","guid":{"rendered":"https:\/\/majestik-prod.com\/agence-39\/?page_id=967"},"modified":"2024-10-30T06:14:12","modified_gmt":"2024-10-30T05:14:12","slug":"gestion-de-compte-reseaux-sociaux-email","status":"publish","type":"page","link":"https:\/\/majestik-prod.com\/agence-39\/gestion-de-compte-reseaux-sociaux-email\/","title":{"rendered":"GESTION DE COMPTE (R\u00c9SEAUX SOCIAUX \/ EMAIL)"},"content":{"rendered":"\t\t<div data-elementor-type=\"wp-page\" data-elementor-id=\"967\" class=\"elementor elementor-967\" data-elementor-post-type=\"page\">\n\t\t\t\t<div class=\"elementor-element elementor-element-9313255 e-flex e-con-boxed e-con e-parent\" data-id=\"9313255\" data-element_type=\"container\">\n\t\t\t\t\t<div class=\"e-con-inner\">\n\t\t\t\t<div class=\"elementor-element elementor-element-394ab88 elementor-widget elementor-widget-heading\" data-id=\"394ab88\" data-element_type=\"widget\" data-widget_type=\"heading.default\">\n\t\t\t\t<div class=\"elementor-widget-container\">\n\t\t\t<h2 class=\"elementor-heading-title elementor-size-default\">GESTION DE COMPTE (R\u00c9SEAUX SOCIAUX \/ EMAIL)<\/h2>\t\t<\/div>\n\t\t\t\t<\/div>\n\t\t\t\t\t<\/div>\n\t\t\t\t<\/div>\n\t\t<div class=\"elementor-element elementor-element-9b5745a e-flex e-con-boxed e-con e-parent\" data-id=\"9b5745a\" data-element_type=\"container\">\n\t\t\t\t\t<div class=\"e-con-inner\">\n\t\t\t\t<div class=\"elementor-element elementor-element-510930c elementor-widget elementor-widget-image\" data-id=\"510930c\" data-element_type=\"widget\" data-widget_type=\"image.default\">\n\t\t\t\t<div class=\"elementor-widget-container\">\n\t\t\t\t\t\t\t\t\t\t\t\t\t<img fetchpriority=\"high\" decoding=\"async\" width=\"768\" height=\"768\" src=\"https:\/\/majestik-prod.com\/agence-39\/wp-content\/uploads\/2024\/10\/gestion-compte-768x768.jpg\" class=\"attachment-medium_large size-medium_large wp-image-440\" alt=\"\" srcset=\"https:\/\/majestik-prod.com\/agence-39\/wp-content\/uploads\/2024\/10\/gestion-compte-768x768.jpg 768w, https:\/\/majestik-prod.com\/agence-39\/wp-content\/uploads\/2024\/10\/gestion-compte-300x300.jpg 300w, https:\/\/majestik-prod.com\/agence-39\/wp-content\/uploads\/2024\/10\/gestion-compte-1024x1024.jpg 1024w, https:\/\/majestik-prod.com\/agence-39\/wp-content\/uploads\/2024\/10\/gestion-compte-150x150.jpg 150w, https:\/\/majestik-prod.com\/agence-39\/wp-content\/uploads\/2024\/10\/gestion-compte.jpg 1080w\" sizes=\"(max-width: 768px) 100vw, 768px\" \/>\t\t\t\t\t\t\t\t\t\t\t\t\t<\/div>\n\t\t\t\t<\/div>\n\t\t\t\t\t<\/div>\n\t\t\t\t<\/div>\n\t\t<div class=\"elementor-element elementor-element-0b492ec e-flex e-con-boxed e-con e-parent\" data-id=\"0b492ec\" data-element_type=\"container\">\n\t\t\t\t\t<div class=\"e-con-inner\">\n\t\t<div class=\"elementor-element elementor-element-9e05dcd e-con-full e-flex e-con e-child\" data-id=\"9e05dcd\" data-element_type=\"container\">\n\t\t\t\t<div class=\"elementor-element elementor-element-98f4e5d elementor-widget elementor-widget-heading\" data-id=\"98f4e5d\" data-element_type=\"widget\" data-settings=\"{&quot;sticky&quot;:&quot;top&quot;,&quot;sticky_offset&quot;:100,&quot;sticky_parent&quot;:&quot;yes&quot;,&quot;sticky_on&quot;:[&quot;desktop&quot;,&quot;tablet&quot;,&quot;mobile&quot;],&quot;sticky_effects_offset&quot;:0}\" data-widget_type=\"heading.default\">\n\t\t\t\t<div class=\"elementor-widget-container\">\n\t\t\t<h3 class=\"elementor-heading-title elementor-size-default\">Pourquoi Agence 39 ?<\/h3>\t\t<\/div>\n\t\t\t\t<\/div>\n\t\t\t\t<\/div>\n\t\t<div class=\"elementor-element elementor-element-ed7daaf e-con-full e-flex e-con e-child\" data-id=\"ed7daaf\" data-element_type=\"container\">\n\t\t\t\t<div class=\"elementor-element elementor-element-68b86b1 elementor-widget elementor-widget-heading\" data-id=\"68b86b1\" data-element_type=\"widget\" data-widget_type=\"heading.default\">\n\t\t\t\t<div class=\"elementor-widget-container\">\n\t\t\t<h3 class=\"elementor-heading-title elementor-size-default\">Les Avantages Majeurs De nous confier la gestion de vos comptes !<\/h3>\t\t<\/div>\n\t\t\t\t<\/div>\n\t\t\t\t<div class=\"elementor-element elementor-element-edbc57c elementor-widget elementor-widget-text-editor\" data-id=\"edbc57c\" data-element_type=\"widget\" data-widget_type=\"text-editor.default\">\n\t\t\t\t<div class=\"elementor-widget-container\">\n\t\t\t\t\t\t\t<h3>I) Expertise en gestion de r\u00e9seaux sociaux :<\/h3><p>Chez Agence 39, nous avons une solide expertise dans la gestion de comptes de r\u00e9seaux sociaux pour diverses plateformes telles que Facebook, Instagram, Twitter, LinkedIn, etc. En faisant appel \u00e0 nos services, vous b\u00e9n\u00e9ficiez de strat\u00e9gies de contenu adapt\u00e9es \u00e0 votre marque et \u00e0 votre audience cible, afin d&rsquo;accro\u00eetre votre visibilit\u00e9, d&rsquo;engager votre communaut\u00e9 et de g\u00e9n\u00e9rer un trafic de qualit\u00e9 vers votre site web.<\/p><p>\u200d<\/p><h3>II) Am\u00e9lioration de la productivit\u00e9 :<\/h3><p>En confiant la gestion de vos r\u00e9seaux sociaux et de vos emails \u00e0 notre \u00e9quipe exp\u00e9riment\u00e9e, vous pouvez vous concentrer sur les aspects essentiels de votre entreprise sans vous soucier de la planification, de la cr\u00e9ation et de la publication de contenu ou de la gestion de votre bo\u00eete de r\u00e9ception. Cela vous permet d&rsquo;\u00e9conomiser du temps et des ressources, am\u00e9liorant ainsi la productivit\u00e9 de votre entreprise.<\/p><p>\u200d<\/p><h3>III) Campagnes d&#8217;email marketing efficaces :<\/h3><p>Notre expertise en gestion d&#8217;emails inclut la cr\u00e9ation et l&rsquo;ex\u00e9cution de campagnes d&#8217;email marketing cibl\u00e9es et attrayantes. Nous concevons des newsletters et des promotions adapt\u00e9es \u00e0 votre audience, optimis\u00e9es pour les taux d&rsquo;ouverture, les clics et les conversions. En faisant appel \u00e0 nos services, vous pouvez vous assurer que votre message atteint vos clients de mani\u00e8re pertinente et engageante, contribuant ainsi \u00e0 accro\u00eetre la fid\u00e9lit\u00e9 \u00e0 la marque et les ventes.<\/p><p>\u200d<\/p><h3>IV) Analyse et optimisation des performances :<\/h3><p>Chez Agence 39, nous accordons une grande importance \u00e0 l&rsquo;\u00e9valuation et \u00e0 l&rsquo;am\u00e9lioration continue des performances de vos comptes de r\u00e9seaux sociaux et de vos campagnes d&#8217;email marketing. En utilisant des outils d&rsquo;analyse avanc\u00e9s, nous suivons et mesurons les r\u00e9sultats, identifions les domaines d&rsquo;am\u00e9lioration et ajustons les strat\u00e9gies en cons\u00e9quence. Cela garantit que vos efforts sur les r\u00e9seaux sociaux et par email sont constamment optimis\u00e9s pour un impact maximal.<\/p>\t\t\t\t\t\t<\/div>\n\t\t\t\t<\/div>\n\t\t\t\t<\/div>\n\t\t\t\t\t<\/div>\n\t\t\t\t<\/div>\n\t\t<div class=\"elementor-element elementor-element-28a41de e-flex e-con-boxed e-con e-parent\" data-id=\"28a41de\" data-element_type=\"container\">\n\t\t\t\t\t<div class=\"e-con-inner\">\n\t\t\t\t<div class=\"elementor-element elementor-element-50a8e99 elementor-widget elementor-widget-gallery\" data-id=\"50a8e99\" data-element_type=\"widget\" data-settings=\"{&quot;columns&quot;:2,&quot;gap&quot;:{&quot;unit&quot;:&quot;px&quot;,&quot;size&quot;:25,&quot;sizes&quot;:[]},&quot;aspect_ratio&quot;:&quot;1:1&quot;,&quot;lazyload&quot;:&quot;yes&quot;,&quot;gallery_layout&quot;:&quot;grid&quot;,&quot;columns_tablet&quot;:2,&quot;columns_mobile&quot;:1,&quot;gap_tablet&quot;:{&quot;unit&quot;:&quot;px&quot;,&quot;size&quot;:10,&quot;sizes&quot;:[]},&quot;gap_mobile&quot;:{&quot;unit&quot;:&quot;px&quot;,&quot;size&quot;:10,&quot;sizes&quot;:[]},&quot;link_to&quot;:&quot;file&quot;,&quot;overlay_background&quot;:&quot;yes&quot;,&quot;content_hover_animation&quot;:&quot;fade-in&quot;}\" data-widget_type=\"gallery.default\">\n\t\t\t\t<div class=\"elementor-widget-container\">\n\t\t\t\t\t<div class=\"elementor-gallery__container\">\n\t\t\t\t\t\t\t<a class=\"e-gallery-item elementor-gallery-item elementor-animated-content\" href=\"https:\/\/majestik-prod.com\/agence-39\/wp-content\/uploads\/2024\/10\/645a3cf123cf234cc251d4ea_Capture-decran-2023-05-09-a-14.30.26-p-800.png\" data-elementor-open-lightbox=\"yes\" data-elementor-lightbox-slideshow=\"50a8e99\" data-elementor-lightbox-title=\"645a3cf123cf234cc251d4ea_Capture d\u2019e\u0301cran 2023-05-09 a\u0300 14.30.26-p-800\" data-e-action-hash=\"#elementor-action%3Aaction%3Dlightbox%26settings%3DeyJpZCI6MTA1MCwidXJsIjoiaHR0cHM6XC9cL21hamVzdGlrLXByb2QuY29tXC9hZ2VuY2UtMzlcL3dwLWNvbnRlbnRcL3VwbG9hZHNcLzIwMjRcLzEwXC82NDVhM2NmMTIzY2YyMzRjYzI1MWQ0ZWFfQ2FwdHVyZS1kZWNyYW4tMjAyMy0wNS0wOS1hLTE0LjMwLjI2LXAtODAwLnBuZyIsInNsaWRlc2hvdyI6IjUwYThlOTkifQ%3D%3D\">\n\t\t\t\t\t<div class=\"e-gallery-image elementor-gallery-item__image\" data-thumbnail=\"https:\/\/majestik-prod.com\/agence-39\/wp-content\/uploads\/2024\/10\/645a3cf123cf234cc251d4ea_Capture-decran-2023-05-09-a-14.30.26-p-800-768x1021.png\" data-width=\"768\" data-height=\"1021\" aria-label=\"\" role=\"img\" ><\/div>\n\t\t\t\t\t\t\t\t\t\t\t<div class=\"elementor-gallery-item__overlay\"><\/div>\n\t\t\t\t\t\t\t\t\t\t\t\t\t\t<\/a>\n\t\t\t\t\t\t\t<a class=\"e-gallery-item elementor-gallery-item elementor-animated-content\" href=\"https:\/\/majestik-prod.com\/agence-39\/wp-content\/uploads\/2024\/10\/645a3cfea47fbda29f6e83df_Capture-decran-2023-05-09-a-14.28.53-p-800.png\" data-elementor-open-lightbox=\"yes\" data-elementor-lightbox-slideshow=\"50a8e99\" data-elementor-lightbox-title=\"645a3cfea47fbda29f6e83df_Capture d\u2019e\u0301cran 2023-05-09 a\u0300 14.28.53-p-800\" data-e-action-hash=\"#elementor-action%3Aaction%3Dlightbox%26settings%3DeyJpZCI6MTA1MSwidXJsIjoiaHR0cHM6XC9cL21hamVzdGlrLXByb2QuY29tXC9hZ2VuY2UtMzlcL3dwLWNvbnRlbnRcL3VwbG9hZHNcLzIwMjRcLzEwXC82NDVhM2NmZWE0N2ZiZGEyOWY2ZTgzZGZfQ2FwdHVyZS1kZWNyYW4tMjAyMy0wNS0wOS1hLTE0LjI4LjUzLXAtODAwLnBuZyIsInNsaWRlc2hvdyI6IjUwYThlOTkifQ%3D%3D\">\n\t\t\t\t\t<div class=\"e-gallery-image elementor-gallery-item__image\" data-thumbnail=\"https:\/\/majestik-prod.com\/agence-39\/wp-content\/uploads\/2024\/10\/645a3cfea47fbda29f6e83df_Capture-decran-2023-05-09-a-14.28.53-p-800-768x502.png\" data-width=\"768\" data-height=\"502\" aria-label=\"\" role=\"img\" ><\/div>\n\t\t\t\t\t\t\t\t\t\t\t<div class=\"elementor-gallery-item__overlay\"><\/div>\n\t\t\t\t\t\t\t\t\t\t\t\t\t\t<\/a>\n\t\t\t\t\t\t\t<a class=\"e-gallery-item elementor-gallery-item elementor-animated-content\" href=\"https:\/\/majestik-prod.com\/agence-39\/wp-content\/uploads\/2024\/10\/645a3d0140eb92b2fa75fae7_Capture-decran-2023-05-09-a-14.28.20-p-800.png\" data-elementor-open-lightbox=\"yes\" data-elementor-lightbox-slideshow=\"50a8e99\" data-elementor-lightbox-title=\"645a3d0140eb92b2fa75fae7_Capture d\u2019e\u0301cran 2023-05-09 a\u0300 14.28.20-p-800\" data-e-action-hash=\"#elementor-action%3Aaction%3Dlightbox%26settings%3DeyJpZCI6MTA1MiwidXJsIjoiaHR0cHM6XC9cL21hamVzdGlrLXByb2QuY29tXC9hZ2VuY2UtMzlcL3dwLWNvbnRlbnRcL3VwbG9hZHNcLzIwMjRcLzEwXC82NDVhM2QwMTQwZWI5MmIyZmE3NWZhZTdfQ2FwdHVyZS1kZWNyYW4tMjAyMy0wNS0wOS1hLTE0LjI4LjIwLXAtODAwLnBuZyIsInNsaWRlc2hvdyI6IjUwYThlOTkifQ%3D%3D\">\n\t\t\t\t\t<div class=\"e-gallery-image elementor-gallery-item__image\" data-thumbnail=\"https:\/\/majestik-prod.com\/agence-39\/wp-content\/uploads\/2024\/10\/645a3d0140eb92b2fa75fae7_Capture-decran-2023-05-09-a-14.28.20-p-800-768x569.png\" data-width=\"768\" data-height=\"569\" aria-label=\"\" role=\"img\" ><\/div>\n\t\t\t\t\t\t\t\t\t\t\t<div class=\"elementor-gallery-item__overlay\"><\/div>\n\t\t\t\t\t\t\t\t\t\t\t\t\t\t<\/a>\n\t\t\t\t\t\t\t<a class=\"e-gallery-item elementor-gallery-item elementor-animated-content\" href=\"https:\/\/majestik-prod.com\/agence-39\/wp-content\/uploads\/2024\/10\/645a3d047050101e6c23da45_Capture-decran-2023-05-09-a-14.27.47-p-800.png\" data-elementor-open-lightbox=\"yes\" data-elementor-lightbox-slideshow=\"50a8e99\" data-elementor-lightbox-title=\"645a3d047050101e6c23da45_Capture d\u2019e\u0301cran 2023-05-09 a\u0300 14.27.47-p-800\" data-e-action-hash=\"#elementor-action%3Aaction%3Dlightbox%26settings%3DeyJpZCI6MTA1MywidXJsIjoiaHR0cHM6XC9cL21hamVzdGlrLXByb2QuY29tXC9hZ2VuY2UtMzlcL3dwLWNvbnRlbnRcL3VwbG9hZHNcLzIwMjRcLzEwXC82NDVhM2QwNDcwNTAxMDFlNmMyM2RhNDVfQ2FwdHVyZS1kZWNyYW4tMjAyMy0wNS0wOS1hLTE0LjI3LjQ3LXAtODAwLnBuZyIsInNsaWRlc2hvdyI6IjUwYThlOTkifQ%3D%3D\">\n\t\t\t\t\t<div class=\"e-gallery-image elementor-gallery-item__image\" data-thumbnail=\"https:\/\/majestik-prod.com\/agence-39\/wp-content\/uploads\/2024\/10\/645a3d047050101e6c23da45_Capture-decran-2023-05-09-a-14.27.47-p-800-768x509.png\" data-width=\"768\" data-height=\"509\" aria-label=\"\" role=\"img\" ><\/div>\n\t\t\t\t\t\t\t\t\t\t\t<div class=\"elementor-gallery-item__overlay\"><\/div>\n\t\t\t\t\t\t\t\t\t\t\t\t\t\t<\/a>\n\t\t\t\t\t<\/div>\n\t\t\t<\/div>\n\t\t\t\t<\/div>\n\t\t\t\t\t<\/div>\n\t\t\t\t<\/div>\n\t\t<div class=\"elementor-element elementor-element-9e06ac0 e-flex e-con-boxed e-con e-parent\" data-id=\"9e06ac0\" data-element_type=\"container\">\n\t\t\t\t\t<div class=\"e-con-inner\">\n\t\t\t\t<div class=\"elementor-element elementor-element-f7373e7 elementor-align-center elementor-widget elementor-widget-button\" data-id=\"f7373e7\" data-element_type=\"widget\" data-widget_type=\"button.default\">\n\t\t\t\t<div class=\"elementor-widget-container\">\n\t\t\t\t\t<div class=\"elementor-button-wrapper\">\n\t\t\t<a class=\"elementor-button elementor-button-link elementor-size-sm\" href=\"https:\/\/majestik-prod.com\/agence-39\/contact\/\">\n\t\t\t\t\t\t<span class=\"elementor-button-content-wrapper\">\n\t\t\t\t\t\t\t\t\t<span class=\"elementor-button-text\">Demander un Devis gratuit<\/span>\n\t\t\t\t\t<\/span>\n\t\t\t\t\t<\/a>\n\t\t<\/div>\n\t\t\t\t<\/div>\n\t\t\t\t<\/div>\n\t\t\t\t\t<\/div>\n\t\t\t\t<\/div>\n\t\t\t\t<\/div>\n\t\t","protected":false},"excerpt":{"rendered":"<p>GESTION DE COMPTE (R\u00c9SEAUX SOCIAUX \/ EMAIL) Pourquoi Agence 39 ? Les Avantages Majeurs De nous confier la gestion de vos comptes ! I) Expertise en gestion de r\u00e9seaux sociaux : Chez Agence 39, nous avons une solide expertise dans la gestion de comptes de r\u00e9seaux sociaux pour diverses plateformes telles que Facebook, Instagram, Twitter, [&hellip;]<\/p>\n","protected":false},"author":1,"featured_media":0,"parent":0,"menu_order":0,"comment_status":"closed","ping_status":"closed","template":"","meta":{"footnotes":""},"class_list":["post-967","page","type-page","status-publish","hentry"],"_links":{"self":[{"href":"https:\/\/majestik-prod.com\/agence-39\/wp-json\/wp\/v2\/pages\/967","targetHints":{"allow":["GET"]}}],"collection":[{"href":"https:\/\/majestik-prod.com\/agence-39\/wp-json\/wp\/v2\/pages"}],"about":[{"href":"https:\/\/majestik-prod.com\/agence-39\/wp-json\/wp\/v2\/types\/page"}],"author":[{"embeddable":true,"href":"https:\/\/majestik-prod.com\/agence-39\/wp-json\/wp\/v2\/users\/1"}],"replies":[{"embeddable":true,"href":"https:\/\/majestik-prod.com\/agence-39\/wp-json\/wp\/v2\/comments?post=967"}],"version-history":[{"count":22,"href":"https:\/\/majestik-prod.com\/agence-39\/wp-json\/wp\/v2\/pages\/967\/revisions"}],"predecessor-version":[{"id":1161,"href":"https:\/\/majestik-prod.com\/agence-39\/wp-json\/wp\/v2\/pages\/967\/revisions\/1161"}],"wp:attachment":[{"href":"https:\/\/majestik-prod.com\/agence-39\/wp-json\/wp\/v2\/media?parent=967"}],"curies":[{"name":"wp","href":"https:\/\/api.w.org\/{rel}","templated":true}]}}