{"id":989,"date":"2024-10-29T12:03:57","date_gmt":"2024-10-29T11:03:57","guid":{"rendered":"https:\/\/majestik-prod.com\/agence-39\/?page_id=989"},"modified":"2024-10-30T06:13:09","modified_gmt":"2024-10-30T05:13:09","slug":"copywriting-ecriture-redaction","status":"publish","type":"page","link":"https:\/\/majestik-prod.com\/agence-39\/copywriting-ecriture-redaction\/","title":{"rendered":"COPYWRITING \/ \u00c9CRITURE \/ R\u00c9DACTION"},"content":{"rendered":"\t\t<div data-elementor-type=\"wp-page\" data-elementor-id=\"989\" class=\"elementor elementor-989\" data-elementor-post-type=\"page\">\n\t\t\t\t<div class=\"elementor-element elementor-element-9313255 e-flex e-con-boxed e-con e-parent\" data-id=\"9313255\" data-element_type=\"container\">\n\t\t\t\t\t<div class=\"e-con-inner\">\n\t\t\t\t<div class=\"elementor-element elementor-element-394ab88 elementor-widget elementor-widget-heading\" data-id=\"394ab88\" data-element_type=\"widget\" data-widget_type=\"heading.default\">\n\t\t\t\t<div class=\"elementor-widget-container\">\n\t\t\t<h2 class=\"elementor-heading-title elementor-size-default\">COPYWRITING \/ \u00c9CRITURE \/ R\u00c9DACTION<\/h2>\t\t<\/div>\n\t\t\t\t<\/div>\n\t\t\t\t\t<\/div>\n\t\t\t\t<\/div>\n\t\t<div class=\"elementor-element elementor-element-9b5745a e-flex e-con-boxed e-con e-parent\" data-id=\"9b5745a\" data-element_type=\"container\">\n\t\t\t\t\t<div class=\"e-con-inner\">\n\t\t\t\t<div class=\"elementor-element elementor-element-510930c elementor-widget elementor-widget-image\" data-id=\"510930c\" data-element_type=\"widget\" data-widget_type=\"image.default\">\n\t\t\t\t<div class=\"elementor-widget-container\">\n\t\t\t\t\t\t\t\t\t\t\t\t\t<img fetchpriority=\"high\" decoding=\"async\" width=\"768\" height=\"768\" src=\"https:\/\/majestik-prod.com\/agence-39\/wp-content\/uploads\/2024\/10\/copywriting-768x768.jpg\" class=\"attachment-medium_large size-medium_large wp-image-531\" alt=\"\" srcset=\"https:\/\/majestik-prod.com\/agence-39\/wp-content\/uploads\/2024\/10\/copywriting-768x768.jpg 768w, https:\/\/majestik-prod.com\/agence-39\/wp-content\/uploads\/2024\/10\/copywriting-300x300.jpg 300w, https:\/\/majestik-prod.com\/agence-39\/wp-content\/uploads\/2024\/10\/copywriting-1024x1024.jpg 1024w, https:\/\/majestik-prod.com\/agence-39\/wp-content\/uploads\/2024\/10\/copywriting-150x150.jpg 150w, https:\/\/majestik-prod.com\/agence-39\/wp-content\/uploads\/2024\/10\/copywriting.jpg 1080w\" sizes=\"(max-width: 768px) 100vw, 768px\" \/>\t\t\t\t\t\t\t\t\t\t\t\t\t<\/div>\n\t\t\t\t<\/div>\n\t\t\t\t\t<\/div>\n\t\t\t\t<\/div>\n\t\t<div class=\"elementor-element elementor-element-0b492ec e-flex e-con-boxed e-con e-parent\" data-id=\"0b492ec\" data-element_type=\"container\">\n\t\t\t\t\t<div class=\"e-con-inner\">\n\t\t<div class=\"elementor-element elementor-element-9e05dcd e-con-full e-flex e-con e-child\" data-id=\"9e05dcd\" data-element_type=\"container\">\n\t\t\t\t<div class=\"elementor-element elementor-element-98f4e5d elementor-widget elementor-widget-heading\" data-id=\"98f4e5d\" data-element_type=\"widget\" data-settings=\"{&quot;sticky&quot;:&quot;top&quot;,&quot;sticky_offset&quot;:100,&quot;sticky_parent&quot;:&quot;yes&quot;,&quot;sticky_on&quot;:[&quot;desktop&quot;,&quot;tablet&quot;,&quot;mobile&quot;],&quot;sticky_effects_offset&quot;:0}\" data-widget_type=\"heading.default\">\n\t\t\t\t<div class=\"elementor-widget-container\">\n\t\t\t<h3 class=\"elementor-heading-title elementor-size-default\">Pourquoi Agence 39 ?<\/h3>\t\t<\/div>\n\t\t\t\t<\/div>\n\t\t\t\t<\/div>\n\t\t<div class=\"elementor-element elementor-element-ed7daaf e-con-full e-flex e-con e-child\" data-id=\"ed7daaf\" data-element_type=\"container\">\n\t\t\t\t<div class=\"elementor-element elementor-element-68b86b1 elementor-widget elementor-widget-heading\" data-id=\"68b86b1\" data-element_type=\"widget\" data-widget_type=\"heading.default\">\n\t\t\t\t<div class=\"elementor-widget-container\">\n\t\t\t<h3 class=\"elementor-heading-title elementor-size-default\">Les Avantages Majeurs De Nous Confier votre copywriting !\n\u200d<\/h3>\t\t<\/div>\n\t\t\t\t<\/div>\n\t\t\t\t<div class=\"elementor-element elementor-element-edbc57c elementor-widget elementor-widget-text-editor\" data-id=\"edbc57c\" data-element_type=\"widget\" data-widget_type=\"text-editor.default\">\n\t\t\t\t<div class=\"elementor-widget-container\">\n\t\t\t\t\t\t\t<h3>I) Contenu de qualit\u00e9 et cibl\u00e9 :<\/h3><p>: Chez Agence 39, nous nous engageons \u00e0 fournir des services de r\u00e9daction, d&rsquo;\u00e9criture et de copywriting de haute qualit\u00e9, adapt\u00e9s \u00e0 votre secteur d&rsquo;activit\u00e9 et \u00e0 votre audience. En faisant appel \u00e0 nos services, vous b\u00e9n\u00e9ficiez de contenus r\u00e9dig\u00e9s par des professionnels, qui captent l&rsquo;attention de vos lecteurs et renforcent la cr\u00e9dibilit\u00e9 de votre marque.<\/p><p>\u200d<\/p><h3>II) Exp\u00e9rience et expertise :<\/h3><p>Notre \u00e9quipe de r\u00e9dacteurs et de copywriters exp\u00e9riment\u00e9s poss\u00e8de une solide expertise dans divers domaines et industries. Nous sommes en mesure de produire une vari\u00e9t\u00e9 de contenus, tels que des articles de blog, des pages de site web, des descriptions de produits, des newsletters, des publicit\u00e9s et bien plus encore. Vous pouvez \u00eatre assur\u00e9s que vos besoins en mati\u00e8re de contenu seront pris en charge par des professionnels comp\u00e9tents.<\/p><p>\u200d<\/p><h3>III) Optimisation pour le r\u00e9f\u00e9rencement (SEO) :<\/h3><p>Chez Agence 39, nous comprenons l&rsquo;importance du r\u00e9f\u00e9rencement pour le succ\u00e8s de votre entreprise en ligne. Nos r\u00e9dacteurs sont form\u00e9s aux techniques de r\u00e9daction orient\u00e9es SEO, ce qui signifie que vos contenus seront non seulement attrayants pour vos lecteurs, mais aussi optimis\u00e9s pour les moteurs de recherche. Cela contribuera \u00e0 am\u00e9liorer la visibilit\u00e9 de votre site web et \u00e0 attirer un trafic qualifi\u00e9.<\/p><p>\u200d<\/p><h3>IV) Gain de temps et de ressources :<\/h3><p>La cr\u00e9ation de contenus de qualit\u00e9 peut \u00eatre chronophage et n\u00e9cessiter des comp\u00e9tences sp\u00e9cifiques. En confiant cette t\u00e2che \u00e0 Agence 39, vous lib\u00e9rez du temps et des ressources pour vous concentrer sur d&rsquo;autres aspects essentiels de votre entreprise. Nous nous chargeons de la recherche, de la r\u00e9daction et de la r\u00e9vision des contenus, afin que vous puissiez vous concentrer sur la croissance de votre entreprise en toute s\u00e9r\u00e9nit\u00e9.<\/p>\t\t\t\t\t\t<\/div>\n\t\t\t\t<\/div>\n\t\t\t\t<\/div>\n\t\t\t\t\t<\/div>\n\t\t\t\t<\/div>\n\t\t<div class=\"elementor-element elementor-element-4aa06bb e-flex e-con-boxed e-con e-parent\" data-id=\"4aa06bb\" data-element_type=\"container\">\n\t\t\t\t\t<div class=\"e-con-inner\">\n\t\t\t\t<div class=\"elementor-element elementor-element-3d56d88 elementor-widget elementor-widget-gallery\" data-id=\"3d56d88\" data-element_type=\"widget\" data-settings=\"{&quot;columns&quot;:2,&quot;gap&quot;:{&quot;unit&quot;:&quot;px&quot;,&quot;size&quot;:25,&quot;sizes&quot;:[]},&quot;aspect_ratio&quot;:&quot;1:1&quot;,&quot;lazyload&quot;:&quot;yes&quot;,&quot;gallery_layout&quot;:&quot;grid&quot;,&quot;columns_tablet&quot;:2,&quot;columns_mobile&quot;:1,&quot;gap_tablet&quot;:{&quot;unit&quot;:&quot;px&quot;,&quot;size&quot;:10,&quot;sizes&quot;:[]},&quot;gap_mobile&quot;:{&quot;unit&quot;:&quot;px&quot;,&quot;size&quot;:10,&quot;sizes&quot;:[]},&quot;link_to&quot;:&quot;file&quot;,&quot;overlay_background&quot;:&quot;yes&quot;,&quot;content_hover_animation&quot;:&quot;fade-in&quot;}\" data-widget_type=\"gallery.default\">\n\t\t\t\t<div class=\"elementor-widget-container\">\n\t\t\t\t\t<div class=\"elementor-gallery__container\">\n\t\t\t\t\t\t\t<a class=\"e-gallery-item elementor-gallery-item elementor-animated-content\" href=\"https:\/\/majestik-prod.com\/agence-39\/wp-content\/uploads\/2024\/10\/645a421b8cfb321f48b7c8b8_Capture-decran-2023-05-09-a-14.52.05-p-800.png\" data-elementor-open-lightbox=\"yes\" data-elementor-lightbox-slideshow=\"3d56d88\" data-elementor-lightbox-title=\"645a421b8cfb321f48b7c8b8_Capture d\u2019e\u0301cran 2023-05-09 a\u0300 14.52.05-p-800\" data-e-action-hash=\"#elementor-action%3Aaction%3Dlightbox%26settings%3DeyJpZCI6MTA2NCwidXJsIjoiaHR0cHM6XC9cL21hamVzdGlrLXByb2QuY29tXC9hZ2VuY2UtMzlcL3dwLWNvbnRlbnRcL3VwbG9hZHNcLzIwMjRcLzEwXC82NDVhNDIxYjhjZmIzMjFmNDhiN2M4YjhfQ2FwdHVyZS1kZWNyYW4tMjAyMy0wNS0wOS1hLTE0LjUyLjA1LXAtODAwLnBuZyIsInNsaWRlc2hvdyI6IjNkNTZkODgifQ%3D%3D\">\n\t\t\t\t\t<div class=\"e-gallery-image elementor-gallery-item__image\" data-thumbnail=\"https:\/\/majestik-prod.com\/agence-39\/wp-content\/uploads\/2024\/10\/645a421b8cfb321f48b7c8b8_Capture-decran-2023-05-09-a-14.52.05-p-800-768x496.png\" data-width=\"768\" data-height=\"496\" aria-label=\"\" role=\"img\" ><\/div>\n\t\t\t\t\t\t\t\t\t\t\t<div class=\"elementor-gallery-item__overlay\"><\/div>\n\t\t\t\t\t\t\t\t\t\t\t\t\t\t<\/a>\n\t\t\t\t\t\t\t<a class=\"e-gallery-item elementor-gallery-item elementor-animated-content\" href=\"https:\/\/majestik-prod.com\/agence-39\/wp-content\/uploads\/2024\/10\/645a421eede4fa2d973c35b9_Capture-decran-2023-05-09-a-14.51.35-p-800.png\" data-elementor-open-lightbox=\"yes\" data-elementor-lightbox-slideshow=\"3d56d88\" data-elementor-lightbox-title=\"645a421eede4fa2d973c35b9_Capture d\u2019e\u0301cran 2023-05-09 a\u0300 14.51.35-p-800\" data-e-action-hash=\"#elementor-action%3Aaction%3Dlightbox%26settings%3DeyJpZCI6MTA2NSwidXJsIjoiaHR0cHM6XC9cL21hamVzdGlrLXByb2QuY29tXC9hZ2VuY2UtMzlcL3dwLWNvbnRlbnRcL3VwbG9hZHNcLzIwMjRcLzEwXC82NDVhNDIxZWVkZTRmYTJkOTczYzM1YjlfQ2FwdHVyZS1kZWNyYW4tMjAyMy0wNS0wOS1hLTE0LjUxLjM1LXAtODAwLnBuZyIsInNsaWRlc2hvdyI6IjNkNTZkODgifQ%3D%3D\">\n\t\t\t\t\t<div class=\"e-gallery-image elementor-gallery-item__image\" data-thumbnail=\"https:\/\/majestik-prod.com\/agence-39\/wp-content\/uploads\/2024\/10\/645a421eede4fa2d973c35b9_Capture-decran-2023-05-09-a-14.51.35-p-800-768x511.png\" data-width=\"768\" data-height=\"511\" aria-label=\"\" role=\"img\" ><\/div>\n\t\t\t\t\t\t\t\t\t\t\t<div class=\"elementor-gallery-item__overlay\"><\/div>\n\t\t\t\t\t\t\t\t\t\t\t\t\t\t<\/a>\n\t\t\t\t\t\t\t<a class=\"e-gallery-item elementor-gallery-item elementor-animated-content\" href=\"https:\/\/majestik-prod.com\/agence-39\/wp-content\/uploads\/2024\/10\/645a42175c0295fad15c6b75_Capture-decran-2023-05-09-a-14.52.29.png\" data-elementor-open-lightbox=\"yes\" data-elementor-lightbox-slideshow=\"3d56d88\" data-elementor-lightbox-title=\"645a42175c0295fad15c6b75_Capture d\u2019e\u0301cran 2023-05-09 a\u0300 14.52.29\" data-e-action-hash=\"#elementor-action%3Aaction%3Dlightbox%26settings%3DeyJpZCI6MTA2NiwidXJsIjoiaHR0cHM6XC9cL21hamVzdGlrLXByb2QuY29tXC9hZ2VuY2UtMzlcL3dwLWNvbnRlbnRcL3VwbG9hZHNcLzIwMjRcLzEwXC82NDVhNDIxNzVjMDI5NWZhZDE1YzZiNzVfQ2FwdHVyZS1kZWNyYW4tMjAyMy0wNS0wOS1hLTE0LjUyLjI5LnBuZyIsInNsaWRlc2hvdyI6IjNkNTZkODgifQ%3D%3D\">\n\t\t\t\t\t<div class=\"e-gallery-image elementor-gallery-item__image\" data-thumbnail=\"https:\/\/majestik-prod.com\/agence-39\/wp-content\/uploads\/2024\/10\/645a42175c0295fad15c6b75_Capture-decran-2023-05-09-a-14.52.29-768x1119.png\" data-width=\"768\" data-height=\"1119\" aria-label=\"\" role=\"img\" ><\/div>\n\t\t\t\t\t\t\t\t\t\t\t<div class=\"elementor-gallery-item__overlay\"><\/div>\n\t\t\t\t\t\t\t\t\t\t\t\t\t\t<\/a>\n\t\t\t\t\t<\/div>\n\t\t\t<\/div>\n\t\t\t\t<\/div>\n\t\t\t\t\t<\/div>\n\t\t\t\t<\/div>\n\t\t<div class=\"elementor-element elementor-element-9e06ac0 e-flex e-con-boxed e-con e-parent\" data-id=\"9e06ac0\" data-element_type=\"container\">\n\t\t\t\t\t<div class=\"e-con-inner\">\n\t\t\t\t<div class=\"elementor-element elementor-element-f7373e7 elementor-align-center elementor-widget elementor-widget-button\" data-id=\"f7373e7\" data-element_type=\"widget\" data-widget_type=\"button.default\">\n\t\t\t\t<div class=\"elementor-widget-container\">\n\t\t\t\t\t<div class=\"elementor-button-wrapper\">\n\t\t\t<a class=\"elementor-button elementor-button-link elementor-size-sm\" href=\"https:\/\/majestik-prod.com\/agence-39\/contact\/\">\n\t\t\t\t\t\t<span class=\"elementor-button-content-wrapper\">\n\t\t\t\t\t\t\t\t\t<span class=\"elementor-button-text\">Demander un Devis gratuit<\/span>\n\t\t\t\t\t<\/span>\n\t\t\t\t\t<\/a>\n\t\t<\/div>\n\t\t\t\t<\/div>\n\t\t\t\t<\/div>\n\t\t\t\t\t<\/div>\n\t\t\t\t<\/div>\n\t\t\t\t<\/div>\n\t\t","protected":false},"excerpt":{"rendered":"<p>COPYWRITING \/ \u00c9CRITURE \/ R\u00c9DACTION Pourquoi Agence 39 ? Les Avantages Majeurs De Nous Confier votre copywriting ! \u200d I) Contenu de qualit\u00e9 et cibl\u00e9 : : Chez Agence 39, nous nous engageons \u00e0 fournir des services de r\u00e9daction, d&rsquo;\u00e9criture et de copywriting de haute qualit\u00e9, adapt\u00e9s \u00e0 votre secteur d&rsquo;activit\u00e9 et \u00e0 votre audience. [&hellip;]<\/p>\n","protected":false},"author":1,"featured_media":0,"parent":0,"menu_order":0,"comment_status":"closed","ping_status":"closed","template":"","meta":{"footnotes":""},"class_list":["post-989","page","type-page","status-publish","hentry"],"_links":{"self":[{"href":"https:\/\/majestik-prod.com\/agence-39\/wp-json\/wp\/v2\/pages\/989","targetHints":{"allow":["GET"]}}],"collection":[{"href":"https:\/\/majestik-prod.com\/agence-39\/wp-json\/wp\/v2\/pages"}],"about":[{"href":"https:\/\/majestik-prod.com\/agence-39\/wp-json\/wp\/v2\/types\/page"}],"author":[{"embeddable":true,"href":"https:\/\/majestik-prod.com\/agence-39\/wp-json\/wp\/v2\/users\/1"}],"replies":[{"embeddable":true,"href":"https:\/\/majestik-prod.com\/agence-39\/wp-json\/wp\/v2\/comments?post=989"}],"version-history":[{"count":31,"href":"https:\/\/majestik-prod.com\/agence-39\/wp-json\/wp\/v2\/pages\/989\/revisions"}],"predecessor-version":[{"id":1155,"href":"https:\/\/majestik-prod.com\/agence-39\/wp-json\/wp\/v2\/pages\/989\/revisions\/1155"}],"wp:attachment":[{"href":"https:\/\/majestik-prod.com\/agence-39\/wp-json\/wp\/v2\/media?parent=989"}],"curies":[{"name":"wp","href":"https:\/\/api.w.org\/{rel}","templated":true}]}}